{"id":168,"date":"2023-09-23T16:58:50","date_gmt":"2023-09-23T16:58:50","guid":{"rendered":"https:\/\/solardarainha.pt\/?page_id=168"},"modified":"2023-10-18T09:12:17","modified_gmt":"2023-10-18T09:12:17","slug":"alojamento","status":"publish","type":"page","link":"https:\/\/solardarainha.pt\/?page_id=168","title":{"rendered":"Alojamento"},"content":{"rendered":"\t\t<div data-elementor-type=\"wp-post\" data-elementor-id=\"168\" class=\"elementor elementor-168\">\n\t\t\t\t\t\t\t<div class=\"elementor-element elementor-element-4ac06ec e-flex e-con-boxed e-con e-parent\" data-id=\"4ac06ec\" data-element_type=\"container\" data-settings=\"{&quot;background_background&quot;:&quot;classic&quot;,&quot;content_width&quot;:&quot;boxed&quot;}\" data-core-v316-plus=\"true\">\n\t\t\t\t\t<div class=\"e-con-inner\">\n\t\t<div class=\"elementor-element elementor-element-f2e14c7 e-con-full e-flex e-con e-child\" data-id=\"f2e14c7\" data-element_type=\"container\" data-settings=\"{&quot;content_width&quot;:&quot;full&quot;}\">\n\t\t\t\t<div class=\"elementor-element elementor-element-d7888e9 elementor-widget elementor-widget-heading\" data-id=\"d7888e9\" data-element_type=\"widget\" data-widget_type=\"heading.default\">\n\t\t\t\t<div class=\"elementor-widget-container\">\n\t\t\t<style>\/*! elementor - v3.16.0 - 20-09-2023 *\/\n.elementor-heading-title{padding:0;margin:0;line-height:1}.elementor-widget-heading .elementor-heading-title[class*=elementor-size-]>a{color:inherit;font-size:inherit;line-height:inherit}.elementor-widget-heading .elementor-heading-title.elementor-size-small{font-size:15px}.elementor-widget-heading .elementor-heading-title.elementor-size-medium{font-size:19px}.elementor-widget-heading .elementor-heading-title.elementor-size-large{font-size:29px}.elementor-widget-heading .elementor-heading-title.elementor-size-xl{font-size:39px}.elementor-widget-heading .elementor-heading-title.elementor-size-xxl{font-size:59px}<\/style><h2 class=\"elementor-heading-title elementor-size-default\">Localiza\u00e7\u00e3o privilegiada<br>\ne hospitalidade sem igual<\/h2>\t\t<\/div>\n\t\t\t\t<\/div>\n\t\t\t\t<\/div>\n\t\t\t\t\t<\/div>\n\t\t\t\t<\/div>\n\t\t<div class=\"elementor-element elementor-element-d9baa76 e-flex e-con-boxed e-con e-parent\" data-id=\"d9baa76\" data-element_type=\"container\" data-settings=\"{&quot;content_width&quot;:&quot;boxed&quot;}\" data-core-v316-plus=\"true\">\n\t\t\t\t\t<div class=\"e-con-inner\">\n\t\t<div class=\"elementor-element elementor-element-fcf05fa e-con-full e-flex e-con e-child\" data-id=\"fcf05fa\" data-element_type=\"container\" data-settings=\"{&quot;content_width&quot;:&quot;full&quot;}\">\n\t\t\t\t<div class=\"elementor-element elementor-element-547d75e elementor-widget elementor-widget-text-editor\" data-id=\"547d75e\" data-element_type=\"widget\" data-widget_type=\"text-editor.default\">\n\t\t\t\t<div class=\"elementor-widget-container\">\n\t\t\t<style>\/*! elementor - v3.16.0 - 20-09-2023 *\/\n.elementor-widget-text-editor.elementor-drop-cap-view-stacked .elementor-drop-cap{background-color:#69727d;color:#fff}.elementor-widget-text-editor.elementor-drop-cap-view-framed .elementor-drop-cap{color:#69727d;border:3px solid;background-color:transparent}.elementor-widget-text-editor:not(.elementor-drop-cap-view-default) .elementor-drop-cap{margin-top:8px}.elementor-widget-text-editor:not(.elementor-drop-cap-view-default) .elementor-drop-cap-letter{width:1em;height:1em}.elementor-widget-text-editor .elementor-drop-cap{float:left;text-align:center;line-height:1;font-size:50px}.elementor-widget-text-editor .elementor-drop-cap-letter{display:inline-block}<\/style>\t\t\t\t<p>Privilegiadamente localizado na Serra de Sic\u00f3, o Solar da Rainha disponibiliza solu\u00e7\u00f5es de acomoda\u00e7\u00e3o acolhedoras e confort\u00e1veis. Das varandas e janelas dos nossos quartos poder\u00e1 usufruir de vistas relaxantes, a escassos minutos do centro da vila de Ansi\u00e3o.<span class=\"Apple-converted-space\">\u00a0<\/span><\/p><p><strong>Atualmente dispomos de 10 quartos twin&#8217;s e 4 quartos duplos, equipados com wc privativo.<span class=\"Apple-converted-space\">\u00a0<\/span><\/strong><\/p><p>Todos os dias temos \u00e0 sua espera um delicioso pequeno almo\u00e7o onde damos destaque aos produtos regionais.<span class=\"Apple-converted-space\">\u00a0<\/span><\/p>\t\t\t\t\t\t<\/div>\n\t\t\t\t<\/div>\n\t\t\t\t<\/div>\n\t\t<div class=\"elementor-element elementor-element-cf81856 e-con-full e-flex e-con e-child\" data-id=\"cf81856\" data-element_type=\"container\" data-settings=\"{&quot;content_width&quot;:&quot;full&quot;}\">\n\t\t\t\t<div class=\"elementor-element elementor-element-c808450 elementor-widget elementor-widget-qi_addons_for_elementor_cards_slider\" data-id=\"c808450\" data-element_type=\"widget\" data-widget_type=\"qi_addons_for_elementor_cards_slider.default\">\n\t\t\t\t<div class=\"elementor-widget-container\">\n\t\t\t<div class=\"qodef-shortcode qodef-m  qodef-qi-cards-slider qodef-orientation--one-side qodef-navigation--hover-move qodef-orientation--right\" data-orientation=\"right\" data-offset=\"15\">\n\t<div class=\"qodef-e-inner\">\n\t\t\t\t\t<div class=\"qodef-m-card\">\n\t\t\t\t<div class=\"qodef-m-bundle-item\">\n\t\t\t\t\t\t\t\t\t\t\t<img loading=\"lazy\" decoding=\"async\" width=\"1024\" height=\"710\" src=\"https:\/\/solardarainha.pt\/wp-content\/uploads\/2023\/10\/223-1-1024x710.png\" class=\"attachment-large size-large\" alt=\"\" srcset=\"https:\/\/solardarainha.pt\/wp-content\/uploads\/2023\/10\/223-1-1024x710.png 1024w, https:\/\/solardarainha.pt\/wp-content\/uploads\/2023\/10\/223-1-300x208.png 300w, https:\/\/solardarainha.pt\/wp-content\/uploads\/2023\/10\/223-1-768x532.png 768w, https:\/\/solardarainha.pt\/wp-content\/uploads\/2023\/10\/223-1.png 1166w\" sizes=\"(max-width: 1024px) 100vw, 1024px\" \/>\t\t\t\t\t\t\t\t\t<\/div>\n\t\t\t<\/div>\n\t\t\t\t\t<div class=\"qodef-m-card\">\n\t\t\t\t<div class=\"qodef-m-bundle-item\">\n\t\t\t\t\t\t\t\t\t\t\t<img loading=\"lazy\" decoding=\"async\" width=\"1024\" height=\"768\" src=\"https:\/\/solardarainha.pt\/wp-content\/uploads\/2023\/10\/322-1-1024x768.png\" class=\"attachment-large size-large\" alt=\"\" srcset=\"https:\/\/solardarainha.pt\/wp-content\/uploads\/2023\/10\/322-1-1024x768.png 1024w, https:\/\/solardarainha.pt\/wp-content\/uploads\/2023\/10\/322-1-300x225.png 300w, https:\/\/solardarainha.pt\/wp-content\/uploads\/2023\/10\/322-1-768x576.png 768w, https:\/\/solardarainha.pt\/wp-content\/uploads\/2023\/10\/322-1-1536x1152.png 1536w, https:\/\/solardarainha.pt\/wp-content\/uploads\/2023\/10\/322-1.png 1891w\" sizes=\"(max-width: 1024px) 100vw, 1024px\" \/>\t\t\t\t\t\t\t\t\t<\/div>\n\t\t\t<\/div>\n\t\t\t\t\t<div class=\"qodef-m-card\">\n\t\t\t\t<div class=\"qodef-m-bundle-item\">\n\t\t\t\t\t\t\t\t\t\t\t<img loading=\"lazy\" decoding=\"async\" width=\"1024\" height=\"768\" src=\"https:\/\/solardarainha.pt\/wp-content\/uploads\/2023\/10\/321-1-1024x768.png\" class=\"attachment-large size-large\" alt=\"\" srcset=\"https:\/\/solardarainha.pt\/wp-content\/uploads\/2023\/10\/321-1-1024x768.png 1024w, https:\/\/solardarainha.pt\/wp-content\/uploads\/2023\/10\/321-1-300x225.png 300w, https:\/\/solardarainha.pt\/wp-content\/uploads\/2023\/10\/321-1-768x576.png 768w, https:\/\/solardarainha.pt\/wp-content\/uploads\/2023\/10\/321-1-1536x1152.png 1536w, https:\/\/solardarainha.pt\/wp-content\/uploads\/2023\/10\/321-1.png 1899w\" sizes=\"(max-width: 1024px) 100vw, 1024px\" \/>\t\t\t\t\t\t\t\t\t<\/div>\n\t\t\t<\/div>\n\t\t\t<\/div>\n\t<div class=\"qodef-m-fake-card\">\n\t\t<img loading=\"lazy\" decoding=\"async\" width=\"1024\" height=\"768\" src=\"https:\/\/solardarainha.pt\/wp-content\/uploads\/2023\/10\/321-1-1024x768.png\" class=\"attachment-large size-large\" alt=\"\" srcset=\"https:\/\/solardarainha.pt\/wp-content\/uploads\/2023\/10\/321-1-1024x768.png 1024w, https:\/\/solardarainha.pt\/wp-content\/uploads\/2023\/10\/321-1-300x225.png 300w, https:\/\/solardarainha.pt\/wp-content\/uploads\/2023\/10\/321-1-768x576.png 768w, https:\/\/solardarainha.pt\/wp-content\/uploads\/2023\/10\/321-1-1536x1152.png 1536w, https:\/\/solardarainha.pt\/wp-content\/uploads\/2023\/10\/321-1.png 1899w\" sizes=\"(max-width: 1024px) 100vw, 1024px\" \/>\t<\/div>\n\t<div class=\"qodef-m-navigation\">\n\t\t<div class=\"qodef-nav qodef--prev\"><svg class=\"qodef-swiper-arrow-left\" xmlns=\"http:\/\/www.w3.org\/2000\/svg\" xmlns:xlink=\"http:\/\/www.w3.org\/1999\/xlink\" x=\"0px\" y=\"0px\" viewBox=\"0 0 34.2 32.3\" xml:space=\"preserve\" style=\"stroke-width: 2;\"><line x1=\"0.5\" y1=\"16\" x2=\"33.5\" y2=\"16\"\/><line x1=\"0.3\" y1=\"16.5\" x2=\"16.2\" y2=\"0.7\"\/><line x1=\"0\" y1=\"15.4\" x2=\"16.2\" y2=\"31.6\"\/><\/svg><\/div>\n\t\t<div class=\"qodef-nav qodef--next\"><svg class=\"qodef-swiper-arrow-right\" xmlns=\"http:\/\/www.w3.org\/2000\/svg\" xmlns:xlink=\"http:\/\/www.w3.org\/1999\/xlink\" x=\"0px\" y=\"0px\" viewBox=\"0 0 34.2 32.3\" xml:space=\"preserve\" style=\"stroke-width: 2;\"><line x1=\"0\" y1=\"16\" x2=\"33\" y2=\"16\"\/><line x1=\"17.3\" y1=\"0.7\" x2=\"33.2\" y2=\"16.5\"\/><line x1=\"17.3\" y1=\"31.6\" x2=\"33.5\" y2=\"15.4\"\/><\/svg><\/div>\n\t<\/div>\n<\/div>\n\t\t<\/div>\n\t\t\t\t<\/div>\n\t\t\t\t<\/div>\n\t\t\t\t\t<\/div>\n\t\t\t\t<\/div>\n\t\t\t\t\t\t\t<\/div>\n\t\t","protected":false},"excerpt":{"rendered":"<p>Localiza\u00e7\u00e3o privilegiada e hospitalidade sem igual Privilegiadamente localizado na Serra de Sic\u00f3, o Solar da Rainha disponibiliza solu\u00e7\u00f5es de acomoda\u00e7\u00e3o acolhedoras e confort\u00e1veis. Das varandas e janelas dos nossos quartos poder\u00e1 usufruir de vistas relaxantes, a escassos minutos do centro da vila de Ansi\u00e3o. Atualmente dispomos de 10 quartos twin&#8217;s e 4 quartos duplos, equipados&hellip;&nbsp;<a href=\"https:\/\/solardarainha.pt\/?page_id=168\" class=\"\" rel=\"bookmark\">Ler mais &raquo;<span class=\"screen-reader-text\">Alojamento<\/span><\/a><\/p>\n","protected":false},"author":2,"featured_media":0,"parent":0,"menu_order":0,"comment_status":"closed","ping_status":"closed","template":"page-templates\/template-pagebuilder-full-width.php","meta":{"neve_meta_sidebar":"","neve_meta_container":"","neve_meta_enable_content_width":"","neve_meta_content_width":0,"neve_meta_title_alignment":"","neve_meta_author_avatar":"","neve_post_elements_order":"","neve_meta_disable_header":"","neve_meta_disable_footer":"","neve_meta_disable_title":"","footnotes":""},"yoast_head":"<!-- This site is optimized with the Yoast SEO plugin v21.4 - https:\/\/yoast.com\/wordpress\/plugins\/seo\/ -->\n<title>Alojamento - Solar da Rainha<\/title>\n<meta name=\"description\" content=\"Privilegiadamente localizado na Serra de Sic\u00f3, o Solar da Rainha disponibiliza solu\u00e7\u00f5es de acomoda\u00e7\u00e3o acolhedoras e confort\u00e1veis. Das varandas e janelas dos nossos quartos poder\u00e1 usufruir de vistas relaxantes, a escassos minutos do centro da vila de Ansi\u00e3o.\" \/>\n<meta name=\"robots\" content=\"index, follow, max-snippet:-1, max-image-preview:large, max-video-preview:-1\" \/>\n<link rel=\"canonical\" href=\"https:\/\/solardarainha.pt\/?page_id=168\" \/>\n<meta property=\"og:locale\" content=\"pt_PT\" \/>\n<meta property=\"og:type\" content=\"article\" \/>\n<meta property=\"og:title\" content=\"Alojamento - Solar da Rainha\" \/>\n<meta property=\"og:description\" content=\"Privilegiadamente localizado na Serra de Sic\u00f3, o Solar da Rainha disponibiliza solu\u00e7\u00f5es de acomoda\u00e7\u00e3o acolhedoras e confort\u00e1veis. Das varandas e janelas dos nossos quartos poder\u00e1 usufruir de vistas relaxantes, a escassos minutos do centro da vila de Ansi\u00e3o.\" \/>\n<meta property=\"og:url\" content=\"https:\/\/solardarainha.pt\/?page_id=168\" \/>\n<meta property=\"og:site_name\" content=\"Solar da Rainha\" \/>\n<meta property=\"article:publisher\" content=\"https:\/\/www.facebook.com\/rrsolardarainha\" \/>\n<meta property=\"article:modified_time\" content=\"2023-10-18T09:12:17+00:00\" \/>\n<meta property=\"og:image\" content=\"https:\/\/solardarainha.pt\/wp-content\/uploads\/2023\/10\/223-1-1024x710.png\" \/>\n<meta name=\"twitter:card\" content=\"summary_large_image\" \/>\n<meta name=\"twitter:label1\" content=\"Tempo estimado de leitura\" \/>\n\t<meta name=\"twitter:data1\" content=\"2 minutos\" \/>\n<script type=\"application\/ld+json\" class=\"yoast-schema-graph\">{\"@context\":\"https:\/\/schema.org\",\"@graph\":[{\"@type\":\"WebPage\",\"@id\":\"https:\/\/solardarainha.pt\/?page_id=168\",\"url\":\"https:\/\/solardarainha.pt\/?page_id=168\",\"name\":\"Alojamento - Solar da Rainha\",\"isPartOf\":{\"@id\":\"https:\/\/solardarainha.pt\/#website\"},\"datePublished\":\"2023-09-23T16:58:50+00:00\",\"dateModified\":\"2023-10-18T09:12:17+00:00\",\"description\":\"Privilegiadamente localizado na Serra de Sic\u00f3, o Solar da Rainha disponibiliza solu\u00e7\u00f5es de acomoda\u00e7\u00e3o acolhedoras e confort\u00e1veis. Das varandas e janelas dos nossos quartos poder\u00e1 usufruir de vistas relaxantes, a escassos minutos do centro da vila de Ansi\u00e3o.\",\"breadcrumb\":{\"@id\":\"https:\/\/solardarainha.pt\/?page_id=168#breadcrumb\"},\"inLanguage\":\"pt-PT\",\"potentialAction\":[{\"@type\":\"ReadAction\",\"target\":[\"https:\/\/solardarainha.pt\/?page_id=168\"]}]},{\"@type\":\"BreadcrumbList\",\"@id\":\"https:\/\/solardarainha.pt\/?page_id=168#breadcrumb\",\"itemListElement\":[{\"@type\":\"ListItem\",\"position\":1,\"name\":\"In\u00edcio\",\"item\":\"https:\/\/solardarainha.pt\/\"},{\"@type\":\"ListItem\",\"position\":2,\"name\":\"Alojamento\"}]},{\"@type\":\"WebSite\",\"@id\":\"https:\/\/solardarainha.pt\/#website\",\"url\":\"https:\/\/solardarainha.pt\/\",\"name\":\"Solar da Rainha\",\"description\":\"\",\"publisher\":{\"@id\":\"https:\/\/solardarainha.pt\/#organization\"},\"potentialAction\":[{\"@type\":\"SearchAction\",\"target\":{\"@type\":\"EntryPoint\",\"urlTemplate\":\"https:\/\/solardarainha.pt\/?s={search_term_string}\"},\"query-input\":\"required name=search_term_string\"}],\"inLanguage\":\"pt-PT\"},{\"@type\":\"Organization\",\"@id\":\"https:\/\/solardarainha.pt\/#organization\",\"name\":\"Solar da Rainha\",\"url\":\"https:\/\/solardarainha.pt\/\",\"logo\":{\"@type\":\"ImageObject\",\"inLanguage\":\"pt-PT\",\"@id\":\"https:\/\/solardarainha.pt\/#\/schema\/logo\/image\/\",\"url\":\"https:\/\/solardarainha.pt\/wp-content\/uploads\/2023\/09\/2323.png\",\"contentUrl\":\"https:\/\/solardarainha.pt\/wp-content\/uploads\/2023\/09\/2323.png\",\"width\":804,\"height\":399,\"caption\":\"Solar da Rainha\"},\"image\":{\"@id\":\"https:\/\/solardarainha.pt\/#\/schema\/logo\/image\/\"},\"sameAs\":[\"https:\/\/www.facebook.com\/rrsolardarainha\",\"https:\/\/www.instagram.com\/solardarainha\/\",\"https:\/\/www.tripadvisor.pt\/Hotel_Review-g2391428-d9765580-Reviews-Solar_da_Rainha-Ansiao_Leiria_District_Central_Portugal.html\"]}]}<\/script>\n<!-- \/ Yoast SEO plugin. -->","yoast_head_json":{"title":"Alojamento - Solar da Rainha","description":"Privilegiadamente localizado na Serra de Sic\u00f3, o Solar da Rainha disponibiliza solu\u00e7\u00f5es de acomoda\u00e7\u00e3o acolhedoras e confort\u00e1veis. Das varandas e janelas dos nossos quartos poder\u00e1 usufruir de vistas relaxantes, a escassos minutos do centro da vila de Ansi\u00e3o.","robots":{"index":"index","follow":"follow","max-snippet":"max-snippet:-1","max-image-preview":"max-image-preview:large","max-video-preview":"max-video-preview:-1"},"canonical":"https:\/\/solardarainha.pt\/?page_id=168","og_locale":"pt_PT","og_type":"article","og_title":"Alojamento - Solar da Rainha","og_description":"Privilegiadamente localizado na Serra de Sic\u00f3, o Solar da Rainha disponibiliza solu\u00e7\u00f5es de acomoda\u00e7\u00e3o acolhedoras e confort\u00e1veis. Das varandas e janelas dos nossos quartos poder\u00e1 usufruir de vistas relaxantes, a escassos minutos do centro da vila de Ansi\u00e3o.","og_url":"https:\/\/solardarainha.pt\/?page_id=168","og_site_name":"Solar da Rainha","article_publisher":"https:\/\/www.facebook.com\/rrsolardarainha","article_modified_time":"2023-10-18T09:12:17+00:00","og_image":[{"url":"https:\/\/solardarainha.pt\/wp-content\/uploads\/2023\/10\/223-1-1024x710.png"}],"twitter_card":"summary_large_image","twitter_misc":{"Tempo estimado de leitura":"2 minutos"},"schema":{"@context":"https:\/\/schema.org","@graph":[{"@type":"WebPage","@id":"https:\/\/solardarainha.pt\/?page_id=168","url":"https:\/\/solardarainha.pt\/?page_id=168","name":"Alojamento - Solar da Rainha","isPartOf":{"@id":"https:\/\/solardarainha.pt\/#website"},"datePublished":"2023-09-23T16:58:50+00:00","dateModified":"2023-10-18T09:12:17+00:00","description":"Privilegiadamente localizado na Serra de Sic\u00f3, o Solar da Rainha disponibiliza solu\u00e7\u00f5es de acomoda\u00e7\u00e3o acolhedoras e confort\u00e1veis. Das varandas e janelas dos nossos quartos poder\u00e1 usufruir de vistas relaxantes, a escassos minutos do centro da vila de Ansi\u00e3o.","breadcrumb":{"@id":"https:\/\/solardarainha.pt\/?page_id=168#breadcrumb"},"inLanguage":"pt-PT","potentialAction":[{"@type":"ReadAction","target":["https:\/\/solardarainha.pt\/?page_id=168"]}]},{"@type":"BreadcrumbList","@id":"https:\/\/solardarainha.pt\/?page_id=168#breadcrumb","itemListElement":[{"@type":"ListItem","position":1,"name":"In\u00edcio","item":"https:\/\/solardarainha.pt\/"},{"@type":"ListItem","position":2,"name":"Alojamento"}]},{"@type":"WebSite","@id":"https:\/\/solardarainha.pt\/#website","url":"https:\/\/solardarainha.pt\/","name":"Solar da Rainha","description":"","publisher":{"@id":"https:\/\/solardarainha.pt\/#organization"},"potentialAction":[{"@type":"SearchAction","target":{"@type":"EntryPoint","urlTemplate":"https:\/\/solardarainha.pt\/?s={search_term_string}"},"query-input":"required name=search_term_string"}],"inLanguage":"pt-PT"},{"@type":"Organization","@id":"https:\/\/solardarainha.pt\/#organization","name":"Solar da Rainha","url":"https:\/\/solardarainha.pt\/","logo":{"@type":"ImageObject","inLanguage":"pt-PT","@id":"https:\/\/solardarainha.pt\/#\/schema\/logo\/image\/","url":"https:\/\/solardarainha.pt\/wp-content\/uploads\/2023\/09\/2323.png","contentUrl":"https:\/\/solardarainha.pt\/wp-content\/uploads\/2023\/09\/2323.png","width":804,"height":399,"caption":"Solar da Rainha"},"image":{"@id":"https:\/\/solardarainha.pt\/#\/schema\/logo\/image\/"},"sameAs":["https:\/\/www.facebook.com\/rrsolardarainha","https:\/\/www.instagram.com\/solardarainha\/","https:\/\/www.tripadvisor.pt\/Hotel_Review-g2391428-d9765580-Reviews-Solar_da_Rainha-Ansiao_Leiria_District_Central_Portugal.html"]}]}},"_links":{"self":[{"href":"https:\/\/solardarainha.pt\/index.php?rest_route=\/wp\/v2\/pages\/168"}],"collection":[{"href":"https:\/\/solardarainha.pt\/index.php?rest_route=\/wp\/v2\/pages"}],"about":[{"href":"https:\/\/solardarainha.pt\/index.php?rest_route=\/wp\/v2\/types\/page"}],"author":[{"embeddable":true,"href":"https:\/\/solardarainha.pt\/index.php?rest_route=\/wp\/v2\/users\/2"}],"replies":[{"embeddable":true,"href":"https:\/\/solardarainha.pt\/index.php?rest_route=%2Fwp%2Fv2%2Fcomments&post=168"}],"version-history":[{"count":46,"href":"https:\/\/solardarainha.pt\/index.php?rest_route=\/wp\/v2\/pages\/168\/revisions"}],"predecessor-version":[{"id":819,"href":"https:\/\/solardarainha.pt\/index.php?rest_route=\/wp\/v2\/pages\/168\/revisions\/819"}],"wp:attachment":[{"href":"https:\/\/solardarainha.pt\/index.php?rest_route=%2Fwp%2Fv2%2Fmedia&parent=168"}],"curies":[{"name":"wp","href":"https:\/\/api.w.org\/{rel}","templated":true}]}}