{"id":689,"date":"2023-10-13T08:53:46","date_gmt":"2023-10-13T08:53:46","guid":{"rendered":"https:\/\/solardarainha.pt\/?page_id=689"},"modified":"2023-10-18T09:13:09","modified_gmt":"2023-10-18T09:13:09","slug":"hebergement","status":"publish","type":"page","link":"https:\/\/solardarainha.pt\/?page_id=689","title":{"rendered":"H\u00e9bergement"},"content":{"rendered":"\t\t<div data-elementor-type=\"wp-post\" data-elementor-id=\"689\" class=\"elementor elementor-689\">\n\t\t\t\t\t\t\t<div class=\"elementor-element elementor-element-4ac06ec e-flex e-con-boxed e-con e-parent\" data-id=\"4ac06ec\" data-element_type=\"container\" data-settings=\"{&quot;background_background&quot;:&quot;classic&quot;,&quot;content_width&quot;:&quot;boxed&quot;}\" data-core-v316-plus=\"true\">\n\t\t\t\t\t<div class=\"e-con-inner\">\n\t\t<div class=\"elementor-element elementor-element-f2e14c7 e-con-full e-flex e-con e-child\" data-id=\"f2e14c7\" data-element_type=\"container\" data-settings=\"{&quot;content_width&quot;:&quot;full&quot;}\">\n\t\t\t\t<div class=\"elementor-element elementor-element-d7888e9 elementor-widget elementor-widget-heading\" data-id=\"d7888e9\" data-element_type=\"widget\" data-widget_type=\"heading.default\">\n\t\t\t\t<div class=\"elementor-widget-container\">\n\t\t\t<style>\/*! elementor - v3.16.0 - 20-09-2023 *\/\n.elementor-heading-title{padding:0;margin:0;line-height:1}.elementor-widget-heading .elementor-heading-title[class*=elementor-size-]>a{color:inherit;font-size:inherit;line-height:inherit}.elementor-widget-heading .elementor-heading-title.elementor-size-small{font-size:15px}.elementor-widget-heading .elementor-heading-title.elementor-size-medium{font-size:19px}.elementor-widget-heading .elementor-heading-title.elementor-size-large{font-size:29px}.elementor-widget-heading .elementor-heading-title.elementor-size-xl{font-size:39px}.elementor-widget-heading .elementor-heading-title.elementor-size-xxl{font-size:59px}<\/style><h2 class=\"elementor-heading-title elementor-size-default\">Une situation privil\u00e9gi\u00e9e<br>\net une hospitalit\u00e9 in\u00e9gal\u00e9e<\/h2>\t\t<\/div>\n\t\t\t\t<\/div>\n\t\t\t\t<\/div>\n\t\t\t\t\t<\/div>\n\t\t\t\t<\/div>\n\t\t<div class=\"elementor-element elementor-element-d9baa76 e-flex e-con-boxed e-con e-parent\" data-id=\"d9baa76\" data-element_type=\"container\" data-settings=\"{&quot;content_width&quot;:&quot;boxed&quot;}\" data-core-v316-plus=\"true\">\n\t\t\t\t\t<div class=\"e-con-inner\">\n\t\t<div class=\"elementor-element elementor-element-fcf05fa e-con-full e-flex e-con e-child\" data-id=\"fcf05fa\" data-element_type=\"container\" data-settings=\"{&quot;content_width&quot;:&quot;full&quot;}\">\n\t\t\t\t<div class=\"elementor-element elementor-element-547d75e elementor-widget elementor-widget-text-editor\" data-id=\"547d75e\" data-element_type=\"widget\" data-widget_type=\"text-editor.default\">\n\t\t\t\t<div class=\"elementor-widget-container\">\n\t\t\t<style>\/*! elementor - v3.16.0 - 20-09-2023 *\/\n.elementor-widget-text-editor.elementor-drop-cap-view-stacked .elementor-drop-cap{background-color:#69727d;color:#fff}.elementor-widget-text-editor.elementor-drop-cap-view-framed .elementor-drop-cap{color:#69727d;border:3px solid;background-color:transparent}.elementor-widget-text-editor:not(.elementor-drop-cap-view-default) .elementor-drop-cap{margin-top:8px}.elementor-widget-text-editor:not(.elementor-drop-cap-view-default) .elementor-drop-cap-letter{width:1em;height:1em}.elementor-widget-text-editor .elementor-drop-cap{float:left;text-align:center;line-height:1;font-size:50px}.elementor-widget-text-editor .elementor-drop-cap-letter{display:inline-block}<\/style>\t\t\t\t<p>B\u00e9n\u00e9ficiant d&#8217;un emplacement privil\u00e9gi\u00e9 dans la Serra de Sic\u00f3, le Solar da Rainha propose des solutions d&#8217;h\u00e9bergement douillettes et confortables. Depuis les balcons et les fen\u00eatres de nos chambres, vous pourrez profiter de vues relaxantes, \u00e0 quelques minutes seulement du centre d&#8217;Ansi\u00e3o.<\/p><p>Nous disposons actuellement de 10 chambres \u00e0 deux lits et de 4 chambres doubles \u00e9quip\u00e9es d&#8217;une salle de bains priv\u00e9e.<\/p><p>Chaque jour, un d\u00e9licieux petit d\u00e9jeuner vous attend, dans lequel nous mettons l&#8217;accent sur les produits r\u00e9gionaux.<\/p>\t\t\t\t\t\t<\/div>\n\t\t\t\t<\/div>\n\t\t\t\t<\/div>\n\t\t<div class=\"elementor-element elementor-element-cf81856 e-con-full e-flex e-con e-child\" data-id=\"cf81856\" data-element_type=\"container\" data-settings=\"{&quot;content_width&quot;:&quot;full&quot;}\">\n\t\t\t\t<div class=\"elementor-element elementor-element-6bc545e elementor-widget elementor-widget-qi_addons_for_elementor_cards_slider\" data-id=\"6bc545e\" data-element_type=\"widget\" data-widget_type=\"qi_addons_for_elementor_cards_slider.default\">\n\t\t\t\t<div class=\"elementor-widget-container\">\n\t\t\t<div class=\"qodef-shortcode qodef-m  qodef-qi-cards-slider qodef-orientation--one-side qodef-navigation--hover-move qodef-orientation--right\" data-orientation=\"right\" data-offset=\"15\">\n\t<div class=\"qodef-e-inner\">\n\t\t\t\t\t<div class=\"qodef-m-card\">\n\t\t\t\t<div class=\"qodef-m-bundle-item\">\n\t\t\t\t\t\t\t\t\t\t\t<img loading=\"lazy\" decoding=\"async\" width=\"1024\" height=\"710\" src=\"https:\/\/solardarainha.pt\/wp-content\/uploads\/2023\/10\/223-1-1024x710.png\" class=\"attachment-large size-large\" alt=\"\" srcset=\"https:\/\/solardarainha.pt\/wp-content\/uploads\/2023\/10\/223-1-1024x710.png 1024w, https:\/\/solardarainha.pt\/wp-content\/uploads\/2023\/10\/223-1-300x208.png 300w, https:\/\/solardarainha.pt\/wp-content\/uploads\/2023\/10\/223-1-768x532.png 768w, https:\/\/solardarainha.pt\/wp-content\/uploads\/2023\/10\/223-1.png 1166w\" sizes=\"(max-width: 1024px) 100vw, 1024px\" \/>\t\t\t\t\t\t\t\t\t<\/div>\n\t\t\t<\/div>\n\t\t\t\t\t<div class=\"qodef-m-card\">\n\t\t\t\t<div class=\"qodef-m-bundle-item\">\n\t\t\t\t\t\t\t\t\t\t\t<img loading=\"lazy\" decoding=\"async\" width=\"1024\" height=\"768\" src=\"https:\/\/solardarainha.pt\/wp-content\/uploads\/2023\/10\/322-1-1024x768.png\" class=\"attachment-large size-large\" alt=\"\" srcset=\"https:\/\/solardarainha.pt\/wp-content\/uploads\/2023\/10\/322-1-1024x768.png 1024w, https:\/\/solardarainha.pt\/wp-content\/uploads\/2023\/10\/322-1-300x225.png 300w, https:\/\/solardarainha.pt\/wp-content\/uploads\/2023\/10\/322-1-768x576.png 768w, https:\/\/solardarainha.pt\/wp-content\/uploads\/2023\/10\/322-1-1536x1152.png 1536w, https:\/\/solardarainha.pt\/wp-content\/uploads\/2023\/10\/322-1.png 1891w\" sizes=\"(max-width: 1024px) 100vw, 1024px\" \/>\t\t\t\t\t\t\t\t\t<\/div>\n\t\t\t<\/div>\n\t\t\t\t\t<div class=\"qodef-m-card\">\n\t\t\t\t<div class=\"qodef-m-bundle-item\">\n\t\t\t\t\t\t\t\t\t\t\t<img loading=\"lazy\" decoding=\"async\" width=\"1024\" height=\"768\" src=\"https:\/\/solardarainha.pt\/wp-content\/uploads\/2023\/10\/321-1-1024x768.png\" class=\"attachment-large size-large\" alt=\"\" srcset=\"https:\/\/solardarainha.pt\/wp-content\/uploads\/2023\/10\/321-1-1024x768.png 1024w, https:\/\/solardarainha.pt\/wp-content\/uploads\/2023\/10\/321-1-300x225.png 300w, https:\/\/solardarainha.pt\/wp-content\/uploads\/2023\/10\/321-1-768x576.png 768w, https:\/\/solardarainha.pt\/wp-content\/uploads\/2023\/10\/321-1-1536x1152.png 1536w, https:\/\/solardarainha.pt\/wp-content\/uploads\/2023\/10\/321-1.png 1899w\" sizes=\"(max-width: 1024px) 100vw, 1024px\" \/>\t\t\t\t\t\t\t\t\t<\/div>\n\t\t\t<\/div>\n\t\t\t<\/div>\n\t<div class=\"qodef-m-fake-card\">\n\t\t<img loading=\"lazy\" decoding=\"async\" width=\"1024\" height=\"768\" src=\"https:\/\/solardarainha.pt\/wp-content\/uploads\/2023\/10\/321-1-1024x768.png\" class=\"attachment-large size-large\" alt=\"\" srcset=\"https:\/\/solardarainha.pt\/wp-content\/uploads\/2023\/10\/321-1-1024x768.png 1024w, https:\/\/solardarainha.pt\/wp-content\/uploads\/2023\/10\/321-1-300x225.png 300w, https:\/\/solardarainha.pt\/wp-content\/uploads\/2023\/10\/321-1-768x576.png 768w, https:\/\/solardarainha.pt\/wp-content\/uploads\/2023\/10\/321-1-1536x1152.png 1536w, https:\/\/solardarainha.pt\/wp-content\/uploads\/2023\/10\/321-1.png 1899w\" sizes=\"(max-width: 1024px) 100vw, 1024px\" \/>\t<\/div>\n\t<div class=\"qodef-m-navigation\">\n\t\t<div class=\"qodef-nav qodef--prev\"><svg class=\"qodef-swiper-arrow-left\" xmlns=\"http:\/\/www.w3.org\/2000\/svg\" xmlns:xlink=\"http:\/\/www.w3.org\/1999\/xlink\" x=\"0px\" y=\"0px\" viewBox=\"0 0 34.2 32.3\" xml:space=\"preserve\" style=\"stroke-width: 2;\"><line x1=\"0.5\" y1=\"16\" x2=\"33.5\" y2=\"16\"\/><line x1=\"0.3\" y1=\"16.5\" x2=\"16.2\" y2=\"0.7\"\/><line x1=\"0\" y1=\"15.4\" x2=\"16.2\" y2=\"31.6\"\/><\/svg><\/div>\n\t\t<div class=\"qodef-nav qodef--next\"><svg class=\"qodef-swiper-arrow-right\" xmlns=\"http:\/\/www.w3.org\/2000\/svg\" xmlns:xlink=\"http:\/\/www.w3.org\/1999\/xlink\" x=\"0px\" y=\"0px\" viewBox=\"0 0 34.2 32.3\" xml:space=\"preserve\" style=\"stroke-width: 2;\"><line x1=\"0\" y1=\"16\" x2=\"33\" y2=\"16\"\/><line x1=\"17.3\" y1=\"0.7\" x2=\"33.2\" y2=\"16.5\"\/><line x1=\"17.3\" y1=\"31.6\" x2=\"33.5\" y2=\"15.4\"\/><\/svg><\/div>\n\t<\/div>\n<\/div>\n\t\t<\/div>\n\t\t\t\t<\/div>\n\t\t\t\t<\/div>\n\t\t\t\t\t<\/div>\n\t\t\t\t<\/div>\n\t\t\t\t\t\t\t<\/div>\n\t\t","protected":false},"excerpt":{"rendered":"<p>Une situation privil\u00e9gi\u00e9e et une hospitalit\u00e9 in\u00e9gal\u00e9e B\u00e9n\u00e9ficiant d&#8217;un emplacement privil\u00e9gi\u00e9 dans la Serra de Sic\u00f3, le Solar da Rainha propose des solutions d&#8217;h\u00e9bergement douillettes et confortables. Depuis les balcons et les fen\u00eatres de nos chambres, vous pourrez profiter de vues relaxantes, \u00e0 quelques minutes seulement du centre d&#8217;Ansi\u00e3o. Nous disposons actuellement de 10 chambres&hellip;&nbsp;<a href=\"https:\/\/solardarainha.pt\/?page_id=689\" class=\"\" rel=\"bookmark\">Ler mais &raquo;<span class=\"screen-reader-text\">H\u00e9bergement<\/span><\/a><\/p>\n","protected":false},"author":2,"featured_media":0,"parent":0,"menu_order":0,"comment_status":"closed","ping_status":"closed","template":"page-templates\/template-pagebuilder-full-width.php","meta":{"neve_meta_sidebar":"","neve_meta_container":"","neve_meta_enable_content_width":"","neve_meta_content_width":0,"neve_meta_title_alignment":"","neve_meta_author_avatar":"","neve_post_elements_order":"","neve_meta_disable_header":"","neve_meta_disable_footer":"","neve_meta_disable_title":"","footnotes":""},"yoast_head":"<!-- This site is optimized with the Yoast SEO plugin v21.4 - https:\/\/yoast.com\/wordpress\/plugins\/seo\/ -->\n<title>H\u00e9bergement - Solar da Rainha<\/title>\n<meta name=\"description\" content=\"B\u00e9n\u00e9ficiant d\u2019un emplacement privil\u00e9gi\u00e9 dans la Serra de Sic\u00f3, le Solar da Rainha propose des solutions d\u2019h\u00e9bergement douillettes et confortables. Depuis les balcons et les fen\u00eatres de nos chambres, vous pourrez profiter de vues relaxantes, \u00e0 quelques minutes seulement du centre d\u2019Ansi\u00e3o.\" \/>\n<meta name=\"robots\" content=\"index, follow, max-snippet:-1, max-image-preview:large, max-video-preview:-1\" \/>\n<link rel=\"canonical\" href=\"https:\/\/solardarainha.pt\/?page_id=689\" \/>\n<meta property=\"og:locale\" content=\"pt_PT\" \/>\n<meta property=\"og:type\" content=\"article\" \/>\n<meta property=\"og:title\" content=\"H\u00e9bergement - Solar da Rainha\" \/>\n<meta property=\"og:description\" content=\"B\u00e9n\u00e9ficiant d\u2019un emplacement privil\u00e9gi\u00e9 dans la Serra de Sic\u00f3, le Solar da Rainha propose des solutions d\u2019h\u00e9bergement douillettes et confortables. Depuis les balcons et les fen\u00eatres de nos chambres, vous pourrez profiter de vues relaxantes, \u00e0 quelques minutes seulement du centre d\u2019Ansi\u00e3o.\" \/>\n<meta property=\"og:url\" content=\"https:\/\/solardarainha.pt\/?page_id=689\" \/>\n<meta property=\"og:site_name\" content=\"Solar da Rainha\" \/>\n<meta property=\"article:publisher\" content=\"https:\/\/www.facebook.com\/rrsolardarainha\" \/>\n<meta property=\"article:modified_time\" content=\"2023-10-18T09:13:09+00:00\" \/>\n<meta property=\"og:image\" content=\"https:\/\/solardarainha.pt\/wp-content\/uploads\/2023\/10\/223-1-1024x710.png\" \/>\n<meta name=\"twitter:card\" content=\"summary_large_image\" \/>\n<meta name=\"twitter:label1\" content=\"Tempo estimado de leitura\" \/>\n\t<meta name=\"twitter:data1\" content=\"2 minutos\" \/>\n<script type=\"application\/ld+json\" class=\"yoast-schema-graph\">{\"@context\":\"https:\/\/schema.org\",\"@graph\":[{\"@type\":\"WebPage\",\"@id\":\"https:\/\/solardarainha.pt\/?page_id=689\",\"url\":\"https:\/\/solardarainha.pt\/?page_id=689\",\"name\":\"H\u00e9bergement - Solar da Rainha\",\"isPartOf\":{\"@id\":\"https:\/\/solardarainha.pt\/#website\"},\"datePublished\":\"2023-10-13T08:53:46+00:00\",\"dateModified\":\"2023-10-18T09:13:09+00:00\",\"description\":\"B\u00e9n\u00e9ficiant d\u2019un emplacement privil\u00e9gi\u00e9 dans la Serra de Sic\u00f3, le Solar da Rainha propose des solutions d\u2019h\u00e9bergement douillettes et confortables. Depuis les balcons et les fen\u00eatres de nos chambres, vous pourrez profiter de vues relaxantes, \u00e0 quelques minutes seulement du centre d\u2019Ansi\u00e3o.\",\"breadcrumb\":{\"@id\":\"https:\/\/solardarainha.pt\/?page_id=689#breadcrumb\"},\"inLanguage\":\"pt-PT\",\"potentialAction\":[{\"@type\":\"ReadAction\",\"target\":[\"https:\/\/solardarainha.pt\/?page_id=689\"]}]},{\"@type\":\"BreadcrumbList\",\"@id\":\"https:\/\/solardarainha.pt\/?page_id=689#breadcrumb\",\"itemListElement\":[{\"@type\":\"ListItem\",\"position\":1,\"name\":\"In\u00edcio\",\"item\":\"https:\/\/solardarainha.pt\/\"},{\"@type\":\"ListItem\",\"position\":2,\"name\":\"H\u00e9bergement\"}]},{\"@type\":\"WebSite\",\"@id\":\"https:\/\/solardarainha.pt\/#website\",\"url\":\"https:\/\/solardarainha.pt\/\",\"name\":\"Solar da Rainha\",\"description\":\"\",\"publisher\":{\"@id\":\"https:\/\/solardarainha.pt\/#organization\"},\"potentialAction\":[{\"@type\":\"SearchAction\",\"target\":{\"@type\":\"EntryPoint\",\"urlTemplate\":\"https:\/\/solardarainha.pt\/?s={search_term_string}\"},\"query-input\":\"required name=search_term_string\"}],\"inLanguage\":\"pt-PT\"},{\"@type\":\"Organization\",\"@id\":\"https:\/\/solardarainha.pt\/#organization\",\"name\":\"Solar da Rainha\",\"url\":\"https:\/\/solardarainha.pt\/\",\"logo\":{\"@type\":\"ImageObject\",\"inLanguage\":\"pt-PT\",\"@id\":\"https:\/\/solardarainha.pt\/#\/schema\/logo\/image\/\",\"url\":\"https:\/\/solardarainha.pt\/wp-content\/uploads\/2023\/09\/2323.png\",\"contentUrl\":\"https:\/\/solardarainha.pt\/wp-content\/uploads\/2023\/09\/2323.png\",\"width\":804,\"height\":399,\"caption\":\"Solar da Rainha\"},\"image\":{\"@id\":\"https:\/\/solardarainha.pt\/#\/schema\/logo\/image\/\"},\"sameAs\":[\"https:\/\/www.facebook.com\/rrsolardarainha\",\"https:\/\/www.instagram.com\/solardarainha\/\",\"https:\/\/www.tripadvisor.pt\/Hotel_Review-g2391428-d9765580-Reviews-Solar_da_Rainha-Ansiao_Leiria_District_Central_Portugal.html\"]}]}<\/script>\n<!-- \/ Yoast SEO plugin. -->","yoast_head_json":{"title":"H\u00e9bergement - Solar da Rainha","description":"B\u00e9n\u00e9ficiant d\u2019un emplacement privil\u00e9gi\u00e9 dans la Serra de Sic\u00f3, le Solar da Rainha propose des solutions d\u2019h\u00e9bergement douillettes et confortables. Depuis les balcons et les fen\u00eatres de nos chambres, vous pourrez profiter de vues relaxantes, \u00e0 quelques minutes seulement du centre d\u2019Ansi\u00e3o.","robots":{"index":"index","follow":"follow","max-snippet":"max-snippet:-1","max-image-preview":"max-image-preview:large","max-video-preview":"max-video-preview:-1"},"canonical":"https:\/\/solardarainha.pt\/?page_id=689","og_locale":"pt_PT","og_type":"article","og_title":"H\u00e9bergement - Solar da Rainha","og_description":"B\u00e9n\u00e9ficiant d\u2019un emplacement privil\u00e9gi\u00e9 dans la Serra de Sic\u00f3, le Solar da Rainha propose des solutions d\u2019h\u00e9bergement douillettes et confortables. Depuis les balcons et les fen\u00eatres de nos chambres, vous pourrez profiter de vues relaxantes, \u00e0 quelques minutes seulement du centre d\u2019Ansi\u00e3o.","og_url":"https:\/\/solardarainha.pt\/?page_id=689","og_site_name":"Solar da Rainha","article_publisher":"https:\/\/www.facebook.com\/rrsolardarainha","article_modified_time":"2023-10-18T09:13:09+00:00","og_image":[{"url":"https:\/\/solardarainha.pt\/wp-content\/uploads\/2023\/10\/223-1-1024x710.png"}],"twitter_card":"summary_large_image","twitter_misc":{"Tempo estimado de leitura":"2 minutos"},"schema":{"@context":"https:\/\/schema.org","@graph":[{"@type":"WebPage","@id":"https:\/\/solardarainha.pt\/?page_id=689","url":"https:\/\/solardarainha.pt\/?page_id=689","name":"H\u00e9bergement - Solar da Rainha","isPartOf":{"@id":"https:\/\/solardarainha.pt\/#website"},"datePublished":"2023-10-13T08:53:46+00:00","dateModified":"2023-10-18T09:13:09+00:00","description":"B\u00e9n\u00e9ficiant d\u2019un emplacement privil\u00e9gi\u00e9 dans la Serra de Sic\u00f3, le Solar da Rainha propose des solutions d\u2019h\u00e9bergement douillettes et confortables. Depuis les balcons et les fen\u00eatres de nos chambres, vous pourrez profiter de vues relaxantes, \u00e0 quelques minutes seulement du centre d\u2019Ansi\u00e3o.","breadcrumb":{"@id":"https:\/\/solardarainha.pt\/?page_id=689#breadcrumb"},"inLanguage":"pt-PT","potentialAction":[{"@type":"ReadAction","target":["https:\/\/solardarainha.pt\/?page_id=689"]}]},{"@type":"BreadcrumbList","@id":"https:\/\/solardarainha.pt\/?page_id=689#breadcrumb","itemListElement":[{"@type":"ListItem","position":1,"name":"In\u00edcio","item":"https:\/\/solardarainha.pt\/"},{"@type":"ListItem","position":2,"name":"H\u00e9bergement"}]},{"@type":"WebSite","@id":"https:\/\/solardarainha.pt\/#website","url":"https:\/\/solardarainha.pt\/","name":"Solar da Rainha","description":"","publisher":{"@id":"https:\/\/solardarainha.pt\/#organization"},"potentialAction":[{"@type":"SearchAction","target":{"@type":"EntryPoint","urlTemplate":"https:\/\/solardarainha.pt\/?s={search_term_string}"},"query-input":"required name=search_term_string"}],"inLanguage":"pt-PT"},{"@type":"Organization","@id":"https:\/\/solardarainha.pt\/#organization","name":"Solar da Rainha","url":"https:\/\/solardarainha.pt\/","logo":{"@type":"ImageObject","inLanguage":"pt-PT","@id":"https:\/\/solardarainha.pt\/#\/schema\/logo\/image\/","url":"https:\/\/solardarainha.pt\/wp-content\/uploads\/2023\/09\/2323.png","contentUrl":"https:\/\/solardarainha.pt\/wp-content\/uploads\/2023\/09\/2323.png","width":804,"height":399,"caption":"Solar da Rainha"},"image":{"@id":"https:\/\/solardarainha.pt\/#\/schema\/logo\/image\/"},"sameAs":["https:\/\/www.facebook.com\/rrsolardarainha","https:\/\/www.instagram.com\/solardarainha\/","https:\/\/www.tripadvisor.pt\/Hotel_Review-g2391428-d9765580-Reviews-Solar_da_Rainha-Ansiao_Leiria_District_Central_Portugal.html"]}]}},"_links":{"self":[{"href":"https:\/\/solardarainha.pt\/index.php?rest_route=\/wp\/v2\/pages\/689"}],"collection":[{"href":"https:\/\/solardarainha.pt\/index.php?rest_route=\/wp\/v2\/pages"}],"about":[{"href":"https:\/\/solardarainha.pt\/index.php?rest_route=\/wp\/v2\/types\/page"}],"author":[{"embeddable":true,"href":"https:\/\/solardarainha.pt\/index.php?rest_route=\/wp\/v2\/users\/2"}],"replies":[{"embeddable":true,"href":"https:\/\/solardarainha.pt\/index.php?rest_route=%2Fwp%2Fv2%2Fcomments&post=689"}],"version-history":[{"count":8,"href":"https:\/\/solardarainha.pt\/index.php?rest_route=\/wp\/v2\/pages\/689\/revisions"}],"predecessor-version":[{"id":821,"href":"https:\/\/solardarainha.pt\/index.php?rest_route=\/wp\/v2\/pages\/689\/revisions\/821"}],"wp:attachment":[{"href":"https:\/\/solardarainha.pt\/index.php?rest_route=%2Fwp%2Fv2%2Fmedia&parent=689"}],"curies":[{"name":"wp","href":"https:\/\/api.w.org\/{rel}","templated":true}]}}