{"id":701,"date":"2023-10-13T08:59:33","date_gmt":"2023-10-13T08:59:33","guid":{"rendered":"https:\/\/solardarainha.pt\/?page_id=701"},"modified":"2023-10-18T09:16:16","modified_gmt":"2023-10-18T09:16:16","slug":"restaurant-et-bar","status":"publish","type":"page","link":"https:\/\/solardarainha.pt\/?page_id=701","title":{"rendered":"Restaurant et bar"},"content":{"rendered":"\t\t<div data-elementor-type=\"wp-post\" data-elementor-id=\"701\" class=\"elementor elementor-701\">\n\t\t\t\t\t\t\t<div class=\"elementor-element elementor-element-35b4184 e-flex e-con-boxed e-con e-parent\" data-id=\"35b4184\" data-element_type=\"container\" data-settings=\"{&quot;background_background&quot;:&quot;classic&quot;,&quot;content_width&quot;:&quot;boxed&quot;}\" data-core-v316-plus=\"true\">\n\t\t\t\t\t<div class=\"e-con-inner\">\n\t\t<div class=\"elementor-element elementor-element-a086199 e-flex e-con-boxed e-con e-child\" data-id=\"a086199\" data-element_type=\"container\" data-settings=\"{&quot;content_width&quot;:&quot;boxed&quot;}\">\n\t\t\t\t\t<div class=\"e-con-inner\">\n\t\t\t\t<div class=\"elementor-element elementor-element-6b49baf elementor-widget elementor-widget-text-editor\" data-id=\"6b49baf\" data-element_type=\"widget\" data-widget_type=\"text-editor.default\">\n\t\t\t\t<div class=\"elementor-widget-container\">\n\t\t\t<style>\/*! elementor - v3.16.0 - 20-09-2023 *\/\n.elementor-widget-text-editor.elementor-drop-cap-view-stacked .elementor-drop-cap{background-color:#69727d;color:#fff}.elementor-widget-text-editor.elementor-drop-cap-view-framed .elementor-drop-cap{color:#69727d;border:3px solid;background-color:transparent}.elementor-widget-text-editor:not(.elementor-drop-cap-view-default) .elementor-drop-cap{margin-top:8px}.elementor-widget-text-editor:not(.elementor-drop-cap-view-default) .elementor-drop-cap-letter{width:1em;height:1em}.elementor-widget-text-editor .elementor-drop-cap{float:left;text-align:center;line-height:1;font-size:50px}.elementor-widget-text-editor .elementor-drop-cap-letter{display:inline-block}<\/style>\t\t\t\t<p>Au Solar da Rainha, nous pensons que la meilleure fa\u00e7on de vous accueillir chez nous est de vous inviter \u00e0 vous asseoir \u00e0 notre table et \u00e0 go\u00fbter les d\u00e9lices qui font partie de notre histoire, de notre culture et de notre tradition.<\/p><p>Les saveurs que nous recr\u00e9ons chaque jour avec beaucoup de soin et de passion perdurent m\u00eame apr\u00e8s le repas, car elles repr\u00e9sentent bien plus qu&#8217;une simple nourriture pour le corps. V\u00e9ritables souvenirs d&#8217;autres temps, elles sont servies comme un r\u00e9confort pour l&#8217;\u00e2me et invitent \u00e0 un voyage dans le temps, \u00e0 travers les traditions rurales et agricoles li\u00e9es au pastoralisme.<\/p><p>Le r\u00e9sultat de cet effort et de cet engagement ne pouvait \u00eatre qu&#8217;une combinaison parfaite d&#8217;ar\u00f4mes et de saveurs uniques, une cuisine authentique.<\/p>\t\t\t\t\t\t<\/div>\n\t\t\t\t<\/div>\n\t\t\t\t\t<\/div>\n\t\t\t\t<\/div>\n\t\t\t\t\t<\/div>\n\t\t\t\t<\/div>\n\t\t<div class=\"elementor-element elementor-element-3b14240 e-flex e-con-boxed e-con e-parent\" data-id=\"3b14240\" data-element_type=\"container\" data-settings=\"{&quot;content_width&quot;:&quot;boxed&quot;}\" data-core-v316-plus=\"true\">\n\t\t\t\t\t<div class=\"e-con-inner\">\n\t\t<div class=\"elementor-element elementor-element-aaa8ffe e-con-full e-flex e-con e-child\" data-id=\"aaa8ffe\" data-element_type=\"container\" data-settings=\"{&quot;content_width&quot;:&quot;full&quot;,&quot;background_background&quot;:&quot;classic&quot;}\">\n\t\t\t\t<div class=\"elementor-element elementor-element-0aadc67 elementor-widget elementor-widget-image\" data-id=\"0aadc67\" data-element_type=\"widget\" data-widget_type=\"image.default\">\n\t\t\t\t<div class=\"elementor-widget-container\">\n\t\t\t<style>\/*! elementor - v3.16.0 - 20-09-2023 *\/\n.elementor-widget-image{text-align:center}.elementor-widget-image a{display:inline-block}.elementor-widget-image a img[src$=\".svg\"]{width:48px}.elementor-widget-image img{vertical-align:middle;display:inline-block}<\/style>\t\t\t\t\t\t\t\t\t\t\t\t<img loading=\"lazy\" decoding=\"async\" width=\"670\" height=\"805\" src=\"https:\/\/solardarainha.pt\/wp-content\/uploads\/2023\/10\/321.png\" class=\"attachment-large size-large wp-image-475\" alt=\"\" srcset=\"https:\/\/solardarainha.pt\/wp-content\/uploads\/2023\/10\/321.png 670w, https:\/\/solardarainha.pt\/wp-content\/uploads\/2023\/10\/321-250x300.png 250w\" sizes=\"(max-width: 670px) 100vw, 670px\" \/>\t\t\t\t\t\t\t\t\t\t\t\t\t\t\t<\/div>\n\t\t\t\t<\/div>\n\t\t\t\t<\/div>\n\t\t<div class=\"elementor-element elementor-element-5e27f72 e-con-full e-flex e-con e-child\" data-id=\"5e27f72\" data-element_type=\"container\" data-settings=\"{&quot;content_width&quot;:&quot;full&quot;,&quot;background_background&quot;:&quot;classic&quot;}\">\n\t\t\t\t<div class=\"elementor-element elementor-element-c153265 elementor-widget elementor-widget-image\" data-id=\"c153265\" data-element_type=\"widget\" data-widget_type=\"image.default\">\n\t\t\t\t<div class=\"elementor-widget-container\">\n\t\t\t\t\t\t\t\t\t\t\t\t\t\t\t<img loading=\"lazy\" decoding=\"async\" width=\"720\" height=\"864\" src=\"https:\/\/solardarainha.pt\/wp-content\/uploads\/2023\/10\/322.png\" class=\"attachment-large size-large wp-image-473\" alt=\"\" srcset=\"https:\/\/solardarainha.pt\/wp-content\/uploads\/2023\/10\/322.png 720w, https:\/\/solardarainha.pt\/wp-content\/uploads\/2023\/10\/322-250x300.png 250w\" sizes=\"(max-width: 720px) 100vw, 720px\" \/>\t\t\t\t\t\t\t\t\t\t\t\t\t\t\t<\/div>\n\t\t\t\t<\/div>\n\t\t\t\t<\/div>\n\t\t<div class=\"elementor-element elementor-element-d504629 e-con-full e-flex e-con e-child\" data-id=\"d504629\" data-element_type=\"container\" data-settings=\"{&quot;content_width&quot;:&quot;full&quot;,&quot;background_background&quot;:&quot;classic&quot;}\">\n\t\t\t\t<div class=\"elementor-element elementor-element-7ed3cb1 elementor-widget elementor-widget-image\" data-id=\"7ed3cb1\" data-element_type=\"widget\" data-widget_type=\"image.default\">\n\t\t\t\t<div class=\"elementor-widget-container\">\n\t\t\t\t\t\t\t\t\t\t\t\t\t\t\t<img loading=\"lazy\" decoding=\"async\" width=\"853\" height=\"1024\" src=\"https:\/\/solardarainha.pt\/wp-content\/uploads\/2023\/10\/323-853x1024.png\" class=\"attachment-large size-large wp-image-474\" alt=\"\" srcset=\"https:\/\/solardarainha.pt\/wp-content\/uploads\/2023\/10\/323-853x1024.png 853w, https:\/\/solardarainha.pt\/wp-content\/uploads\/2023\/10\/323-250x300.png 250w, https:\/\/solardarainha.pt\/wp-content\/uploads\/2023\/10\/323-768x922.png 768w, https:\/\/solardarainha.pt\/wp-content\/uploads\/2023\/10\/323-1280x1536.png 1280w, https:\/\/solardarainha.pt\/wp-content\/uploads\/2023\/10\/323.png 1303w\" sizes=\"(max-width: 853px) 100vw, 853px\" \/>\t\t\t\t\t\t\t\t\t\t\t\t\t\t\t<\/div>\n\t\t\t\t<\/div>\n\t\t\t\t<\/div>\n\t\t\t\t\t<\/div>\n\t\t\t\t<\/div>\n\t\t<div class=\"elementor-element elementor-element-c217357 elementor-hidden-desktop elementor-hidden-tablet elementor-hidden-mobile e-flex e-con-boxed e-con e-parent\" data-id=\"c217357\" data-element_type=\"container\" data-settings=\"{&quot;content_width&quot;:&quot;boxed&quot;}\" data-core-v316-plus=\"true\">\n\t\t\t\t\t<div class=\"e-con-inner\">\n\t\t\t\t<div class=\"elementor-element elementor-element-df5368a elementor-skin-carousel elementor-arrows-yes elementor-widget elementor-widget-media-carousel\" data-id=\"df5368a\" data-element_type=\"widget\" data-settings=\"{&quot;slides_per_view&quot;:&quot;3&quot;,&quot;autoplay_speed&quot;:1400,&quot;speed&quot;:400,&quot;slides_per_view_mobile&quot;:&quot;2&quot;,&quot;skin&quot;:&quot;carousel&quot;,&quot;effect&quot;:&quot;slide&quot;,&quot;show_arrows&quot;:&quot;yes&quot;,&quot;autoplay&quot;:&quot;yes&quot;,&quot;loop&quot;:&quot;yes&quot;,&quot;pause_on_hover&quot;:&quot;yes&quot;,&quot;pause_on_interaction&quot;:&quot;yes&quot;,&quot;space_between&quot;:{&quot;unit&quot;:&quot;px&quot;,&quot;size&quot;:10,&quot;sizes&quot;:[]},&quot;space_between_tablet&quot;:{&quot;unit&quot;:&quot;px&quot;,&quot;size&quot;:10,&quot;sizes&quot;:[]},&quot;space_between_mobile&quot;:{&quot;unit&quot;:&quot;px&quot;,&quot;size&quot;:10,&quot;sizes&quot;:[]}}\" data-widget_type=\"media-carousel.default\">\n\t\t\t\t<div class=\"elementor-widget-container\">\n\t\t\t<link rel=\"stylesheet\" href=\"https:\/\/solardarainha.pt\/wp-content\/plugins\/elementor-pro\/assets\/css\/widget-carousel.min.css\">\t\t<div class=\"elementor-swiper\">\n\t\t\t<div class=\"elementor-main-swiper swiper-container\">\n\t\t\t\t<div class=\"swiper-wrapper\">\n\t\t\t\t\t\t\t\t\t\t\t<div class=\"swiper-slide\">\n\t\t\t\t\t\t\t\t\t<div class=\"elementor-carousel-image\" style=\"background-image: url(https:\/\/solardarainha.pt\/wp-content\/uploads\/2023\/09\/373317359_793010916160632_1976800502342021811_n.jpg)\">\n\n\t\t\t\n\t\t\t\t\t<\/div>\n\t\t\t\t\t\t\t\t<\/div>\n\t\t\t\t\t\t\t\t\t\t\t<div class=\"swiper-slide\">\n\t\t\t\t\t\t\t\t\t<div class=\"elementor-carousel-image\" style=\"background-image: url(https:\/\/solardarainha.pt\/wp-content\/uploads\/2023\/09\/83016917_2709585889132910_1189940544990609408_n-1.jpg)\">\n\n\t\t\t\n\t\t\t\t\t<\/div>\n\t\t\t\t\t\t\t\t<\/div>\n\t\t\t\t\t\t\t\t\t\t\t<div class=\"swiper-slide\">\n\t\t\t\t\t\t\t\t\t<div class=\"elementor-carousel-image\" style=\"background-image: url(https:\/\/solardarainha.pt\/wp-content\/uploads\/2023\/09\/1212-1.png)\">\n\n\t\t\t\n\t\t\t\t\t<\/div>\n\t\t\t\t\t\t\t\t<\/div>\n\t\t\t\t\t\t\t\t\t<\/div>\n\t\t\t\t\t\t\t\t\t\t\t\t\t\t\t\t\t\t\t\t<div class=\"elementor-swiper-button elementor-swiper-button-prev\">\n\t\t\t\t\t\t\t<i aria-hidden=\"true\" class=\"eicon-chevron-left\"><\/i>\t\t\t\t\t\t\t<span class=\"elementor-screen-only\">Anterior<\/span>\n\t\t\t\t\t\t<\/div>\n\t\t\t\t\t\t<div class=\"elementor-swiper-button elementor-swiper-button-next\">\n\t\t\t\t\t\t\t<i aria-hidden=\"true\" class=\"eicon-chevron-right\"><\/i>\t\t\t\t\t\t\t<span class=\"elementor-screen-only\">Next<\/span>\n\t\t\t\t\t\t<\/div>\n\t\t\t\t\t\t\t\t\t\t\t\t<\/div>\n\t\t<\/div>\n\t\t\t\t<\/div>\n\t\t\t\t<\/div>\n\t\t\t\t\t<\/div>\n\t\t\t\t<\/div>\n\t\t<div class=\"elementor-element elementor-element-a36820a e-flex e-con-boxed e-con e-parent\" data-id=\"a36820a\" data-element_type=\"container\" data-settings=\"{&quot;background_background&quot;:&quot;classic&quot;,&quot;content_width&quot;:&quot;boxed&quot;}\" data-core-v316-plus=\"true\">\n\t\t\t\t\t<div class=\"e-con-inner\">\n\t\t<div class=\"elementor-element elementor-element-0b0d50b e-con-full elementor-hidden-mobile e-flex e-con e-child\" data-id=\"0b0d50b\" data-element_type=\"container\" data-settings=\"{&quot;content_width&quot;:&quot;full&quot;,&quot;background_background&quot;:&quot;classic&quot;}\">\n\t\t\t\t<\/div>\n\t\t<div class=\"elementor-element elementor-element-0f598d3 e-con-full e-flex e-con e-child\" data-id=\"0f598d3\" data-element_type=\"container\" data-settings=\"{&quot;content_width&quot;:&quot;full&quot;}\">\n\t\t\t\t<div class=\"elementor-element elementor-element-b202451 elementor-widget elementor-widget-text-editor\" data-id=\"b202451\" data-element_type=\"widget\" data-widget_type=\"text-editor.default\">\n\t\t\t\t<div class=\"elementor-widget-container\">\n\t\t\t\t\t\t\t<p>Vous y trouverez le cadre id\u00e9al pour un d\u00e9jeuner d&#8217;affaires, un repas l\u00e9ger ou des \u00e9v\u00e9nements tels que r\u00e9unions, mariages, bapt\u00eames ou anniversaires, tout en profitant d&#8217;une union entre le meilleur de la cuisine r\u00e9gionale et le raffinement du service.<\/p><p>Nous vous proposons une gamme d&#8217;options gastronomiques, pr\u00e9par\u00e9es avec amour pour vous, qui vous raviront.<\/p><p>Notre restaurant est ouvert tous les jours, avec des menus du jour ainsi qu&#8217;un service \u00e0 la carte.<\/p>\t\t\t\t\t\t<\/div>\n\t\t\t\t<\/div>\n\t\t\t\t<\/div>\n\t\t\t\t\t<\/div>\n\t\t\t\t<\/div>\n\t\t\t\t\t\t\t<\/div>\n\t\t","protected":false},"excerpt":{"rendered":"<p>Au Solar da Rainha, nous pensons que la meilleure fa\u00e7on de vous accueillir chez nous est de vous inviter \u00e0 vous asseoir \u00e0 notre table et \u00e0 go\u00fbter les d\u00e9lices qui font partie de notre histoire, de notre culture et de notre tradition. Les saveurs que nous recr\u00e9ons chaque jour avec beaucoup de soin et&hellip;&nbsp;<a href=\"https:\/\/solardarainha.pt\/?page_id=701\" class=\"\" rel=\"bookmark\">Ler mais &raquo;<span class=\"screen-reader-text\">Restaurant et bar<\/span><\/a><\/p>\n","protected":false},"author":2,"featured_media":0,"parent":0,"menu_order":0,"comment_status":"closed","ping_status":"closed","template":"page-templates\/template-pagebuilder-full-width.php","meta":{"neve_meta_sidebar":"","neve_meta_container":"","neve_meta_enable_content_width":"","neve_meta_content_width":0,"neve_meta_title_alignment":"","neve_meta_author_avatar":"","neve_post_elements_order":"","neve_meta_disable_header":"","neve_meta_disable_footer":"","neve_meta_disable_title":"","footnotes":""},"yoast_head":"<!-- This site is optimized with the Yoast SEO plugin v21.4 - https:\/\/yoast.com\/wordpress\/plugins\/seo\/ -->\n<title>Restaurant et bar - Solar da Rainha<\/title>\n<meta name=\"description\" content=\"Au Solar da Rainha, nous pensons que la meilleure fa\u00e7on de vous accueillir chez nous est de vous inviter \u00e0 vous asseoir \u00e0 notre table et \u00e0 go\u00fbter les d\u00e9lices qui font partie de notre histoire, de notre culture et de notre tradition.\" \/>\n<meta name=\"robots\" content=\"index, follow, max-snippet:-1, max-image-preview:large, max-video-preview:-1\" \/>\n<link rel=\"canonical\" href=\"https:\/\/solardarainha.pt\/?page_id=701\" \/>\n<meta property=\"og:locale\" content=\"pt_PT\" \/>\n<meta property=\"og:type\" content=\"article\" \/>\n<meta property=\"og:title\" content=\"Restaurant et bar - Solar da Rainha\" \/>\n<meta property=\"og:description\" content=\"Au Solar da Rainha, nous pensons que la meilleure fa\u00e7on de vous accueillir chez nous est de vous inviter \u00e0 vous asseoir \u00e0 notre table et \u00e0 go\u00fbter les d\u00e9lices qui font partie de notre histoire, de notre culture et de notre tradition.\" \/>\n<meta property=\"og:url\" content=\"https:\/\/solardarainha.pt\/?page_id=701\" \/>\n<meta property=\"og:site_name\" content=\"Solar da Rainha\" \/>\n<meta property=\"article:publisher\" content=\"https:\/\/www.facebook.com\/rrsolardarainha\" \/>\n<meta property=\"article:modified_time\" content=\"2023-10-18T09:16:16+00:00\" \/>\n<meta property=\"og:image\" content=\"https:\/\/solardarainha.pt\/wp-content\/uploads\/2023\/10\/321.png\" \/>\n<meta name=\"twitter:card\" content=\"summary_large_image\" \/>\n<meta name=\"twitter:label1\" content=\"Tempo estimado de leitura\" \/>\n\t<meta name=\"twitter:data1\" content=\"2 minutos\" \/>\n<script type=\"application\/ld+json\" class=\"yoast-schema-graph\">{\"@context\":\"https:\/\/schema.org\",\"@graph\":[{\"@type\":\"WebPage\",\"@id\":\"https:\/\/solardarainha.pt\/?page_id=701\",\"url\":\"https:\/\/solardarainha.pt\/?page_id=701\",\"name\":\"Restaurant et bar - Solar da Rainha\",\"isPartOf\":{\"@id\":\"https:\/\/solardarainha.pt\/#website\"},\"datePublished\":\"2023-10-13T08:59:33+00:00\",\"dateModified\":\"2023-10-18T09:16:16+00:00\",\"description\":\"Au Solar da Rainha, nous pensons que la meilleure fa\u00e7on de vous accueillir chez nous est de vous inviter \u00e0 vous asseoir \u00e0 notre table et \u00e0 go\u00fbter les d\u00e9lices qui font partie de notre histoire, de notre culture et de notre tradition.\",\"breadcrumb\":{\"@id\":\"https:\/\/solardarainha.pt\/?page_id=701#breadcrumb\"},\"inLanguage\":\"pt-PT\",\"potentialAction\":[{\"@type\":\"ReadAction\",\"target\":[\"https:\/\/solardarainha.pt\/?page_id=701\"]}]},{\"@type\":\"BreadcrumbList\",\"@id\":\"https:\/\/solardarainha.pt\/?page_id=701#breadcrumb\",\"itemListElement\":[{\"@type\":\"ListItem\",\"position\":1,\"name\":\"In\u00edcio\",\"item\":\"https:\/\/solardarainha.pt\/\"},{\"@type\":\"ListItem\",\"position\":2,\"name\":\"Restaurant et bar\"}]},{\"@type\":\"WebSite\",\"@id\":\"https:\/\/solardarainha.pt\/#website\",\"url\":\"https:\/\/solardarainha.pt\/\",\"name\":\"Solar da Rainha\",\"description\":\"\",\"publisher\":{\"@id\":\"https:\/\/solardarainha.pt\/#organization\"},\"potentialAction\":[{\"@type\":\"SearchAction\",\"target\":{\"@type\":\"EntryPoint\",\"urlTemplate\":\"https:\/\/solardarainha.pt\/?s={search_term_string}\"},\"query-input\":\"required name=search_term_string\"}],\"inLanguage\":\"pt-PT\"},{\"@type\":\"Organization\",\"@id\":\"https:\/\/solardarainha.pt\/#organization\",\"name\":\"Solar da Rainha\",\"url\":\"https:\/\/solardarainha.pt\/\",\"logo\":{\"@type\":\"ImageObject\",\"inLanguage\":\"pt-PT\",\"@id\":\"https:\/\/solardarainha.pt\/#\/schema\/logo\/image\/\",\"url\":\"https:\/\/solardarainha.pt\/wp-content\/uploads\/2023\/09\/2323.png\",\"contentUrl\":\"https:\/\/solardarainha.pt\/wp-content\/uploads\/2023\/09\/2323.png\",\"width\":804,\"height\":399,\"caption\":\"Solar da Rainha\"},\"image\":{\"@id\":\"https:\/\/solardarainha.pt\/#\/schema\/logo\/image\/\"},\"sameAs\":[\"https:\/\/www.facebook.com\/rrsolardarainha\",\"https:\/\/www.instagram.com\/solardarainha\/\",\"https:\/\/www.tripadvisor.pt\/Hotel_Review-g2391428-d9765580-Reviews-Solar_da_Rainha-Ansiao_Leiria_District_Central_Portugal.html\"]}]}<\/script>\n<!-- \/ Yoast SEO plugin. -->","yoast_head_json":{"title":"Restaurant et bar - Solar da Rainha","description":"Au Solar da Rainha, nous pensons que la meilleure fa\u00e7on de vous accueillir chez nous est de vous inviter \u00e0 vous asseoir \u00e0 notre table et \u00e0 go\u00fbter les d\u00e9lices qui font partie de notre histoire, de notre culture et de notre tradition.","robots":{"index":"index","follow":"follow","max-snippet":"max-snippet:-1","max-image-preview":"max-image-preview:large","max-video-preview":"max-video-preview:-1"},"canonical":"https:\/\/solardarainha.pt\/?page_id=701","og_locale":"pt_PT","og_type":"article","og_title":"Restaurant et bar - Solar da Rainha","og_description":"Au Solar da Rainha, nous pensons que la meilleure fa\u00e7on de vous accueillir chez nous est de vous inviter \u00e0 vous asseoir \u00e0 notre table et \u00e0 go\u00fbter les d\u00e9lices qui font partie de notre histoire, de notre culture et de notre tradition.","og_url":"https:\/\/solardarainha.pt\/?page_id=701","og_site_name":"Solar da Rainha","article_publisher":"https:\/\/www.facebook.com\/rrsolardarainha","article_modified_time":"2023-10-18T09:16:16+00:00","og_image":[{"url":"https:\/\/solardarainha.pt\/wp-content\/uploads\/2023\/10\/321.png"}],"twitter_card":"summary_large_image","twitter_misc":{"Tempo estimado de leitura":"2 minutos"},"schema":{"@context":"https:\/\/schema.org","@graph":[{"@type":"WebPage","@id":"https:\/\/solardarainha.pt\/?page_id=701","url":"https:\/\/solardarainha.pt\/?page_id=701","name":"Restaurant et bar - Solar da Rainha","isPartOf":{"@id":"https:\/\/solardarainha.pt\/#website"},"datePublished":"2023-10-13T08:59:33+00:00","dateModified":"2023-10-18T09:16:16+00:00","description":"Au Solar da Rainha, nous pensons que la meilleure fa\u00e7on de vous accueillir chez nous est de vous inviter \u00e0 vous asseoir \u00e0 notre table et \u00e0 go\u00fbter les d\u00e9lices qui font partie de notre histoire, de notre culture et de notre tradition.","breadcrumb":{"@id":"https:\/\/solardarainha.pt\/?page_id=701#breadcrumb"},"inLanguage":"pt-PT","potentialAction":[{"@type":"ReadAction","target":["https:\/\/solardarainha.pt\/?page_id=701"]}]},{"@type":"BreadcrumbList","@id":"https:\/\/solardarainha.pt\/?page_id=701#breadcrumb","itemListElement":[{"@type":"ListItem","position":1,"name":"In\u00edcio","item":"https:\/\/solardarainha.pt\/"},{"@type":"ListItem","position":2,"name":"Restaurant et bar"}]},{"@type":"WebSite","@id":"https:\/\/solardarainha.pt\/#website","url":"https:\/\/solardarainha.pt\/","name":"Solar da Rainha","description":"","publisher":{"@id":"https:\/\/solardarainha.pt\/#organization"},"potentialAction":[{"@type":"SearchAction","target":{"@type":"EntryPoint","urlTemplate":"https:\/\/solardarainha.pt\/?s={search_term_string}"},"query-input":"required name=search_term_string"}],"inLanguage":"pt-PT"},{"@type":"Organization","@id":"https:\/\/solardarainha.pt\/#organization","name":"Solar da Rainha","url":"https:\/\/solardarainha.pt\/","logo":{"@type":"ImageObject","inLanguage":"pt-PT","@id":"https:\/\/solardarainha.pt\/#\/schema\/logo\/image\/","url":"https:\/\/solardarainha.pt\/wp-content\/uploads\/2023\/09\/2323.png","contentUrl":"https:\/\/solardarainha.pt\/wp-content\/uploads\/2023\/09\/2323.png","width":804,"height":399,"caption":"Solar da Rainha"},"image":{"@id":"https:\/\/solardarainha.pt\/#\/schema\/logo\/image\/"},"sameAs":["https:\/\/www.facebook.com\/rrsolardarainha","https:\/\/www.instagram.com\/solardarainha\/","https:\/\/www.tripadvisor.pt\/Hotel_Review-g2391428-d9765580-Reviews-Solar_da_Rainha-Ansiao_Leiria_District_Central_Portugal.html"]}]}},"_links":{"self":[{"href":"https:\/\/solardarainha.pt\/index.php?rest_route=\/wp\/v2\/pages\/701"}],"collection":[{"href":"https:\/\/solardarainha.pt\/index.php?rest_route=\/wp\/v2\/pages"}],"about":[{"href":"https:\/\/solardarainha.pt\/index.php?rest_route=\/wp\/v2\/types\/page"}],"author":[{"embeddable":true,"href":"https:\/\/solardarainha.pt\/index.php?rest_route=\/wp\/v2\/users\/2"}],"replies":[{"embeddable":true,"href":"https:\/\/solardarainha.pt\/index.php?rest_route=%2Fwp%2Fv2%2Fcomments&post=701"}],"version-history":[{"count":5,"href":"https:\/\/solardarainha.pt\/index.php?rest_route=\/wp\/v2\/pages\/701\/revisions"}],"predecessor-version":[{"id":827,"href":"https:\/\/solardarainha.pt\/index.php?rest_route=\/wp\/v2\/pages\/701\/revisions\/827"}],"wp:attachment":[{"href":"https:\/\/solardarainha.pt\/index.php?rest_route=%2Fwp%2Fv2%2Fmedia&parent=701"}],"curies":[{"name":"wp","href":"https:\/\/api.w.org\/{rel}","templated":true}]}}