{"id":796,"date":"2023-10-16T15:13:07","date_gmt":"2023-10-16T15:13:07","guid":{"rendered":"https:\/\/solardarainha.pt\/?page_id=796"},"modified":"2023-10-16T15:20:00","modified_gmt":"2023-10-16T15:20:00","slug":"termes-et-conditions","status":"publish","type":"page","link":"https:\/\/solardarainha.pt\/?page_id=796","title":{"rendered":"Termes et conditions"},"content":{"rendered":"\t\t<div data-elementor-type=\"wp-post\" data-elementor-id=\"796\" class=\"elementor elementor-796\">\n\t\t\t\t\t\t\t<div class=\"elementor-element elementor-element-8c9ebe8 e-flex e-con-boxed e-con e-parent\" data-id=\"8c9ebe8\" data-element_type=\"container\" data-settings=\"{&quot;background_background&quot;:&quot;classic&quot;,&quot;content_width&quot;:&quot;boxed&quot;}\" data-core-v316-plus=\"true\">\n\t\t\t\t\t<div class=\"e-con-inner\">\n\t\t\t\t<div class=\"elementor-element elementor-element-9fc23da elementor-widget elementor-widget-heading\" data-id=\"9fc23da\" data-element_type=\"widget\" data-widget_type=\"heading.default\">\n\t\t\t\t<div class=\"elementor-widget-container\">\n\t\t\t<style>\/*! elementor - v3.16.0 - 20-09-2023 *\/\n.elementor-heading-title{padding:0;margin:0;line-height:1}.elementor-widget-heading .elementor-heading-title[class*=elementor-size-]>a{color:inherit;font-size:inherit;line-height:inherit}.elementor-widget-heading .elementor-heading-title.elementor-size-small{font-size:15px}.elementor-widget-heading .elementor-heading-title.elementor-size-medium{font-size:19px}.elementor-widget-heading .elementor-heading-title.elementor-size-large{font-size:29px}.elementor-widget-heading .elementor-heading-title.elementor-size-xl{font-size:39px}.elementor-widget-heading .elementor-heading-title.elementor-size-xxl{font-size:59px}<\/style><h2 class=\"elementor-heading-title elementor-size-default\">Termes et conditions<\/h2>\t\t<\/div>\n\t\t\t\t<\/div>\n\t\t\t\t<div class=\"elementor-element elementor-element-e366992 elementor-widget elementor-widget-text-editor\" data-id=\"e366992\" data-element_type=\"widget\" data-widget_type=\"text-editor.default\">\n\t\t\t\t<div class=\"elementor-widget-container\">\n\t\t\t<style>\/*! elementor - v3.16.0 - 20-09-2023 *\/\n.elementor-widget-text-editor.elementor-drop-cap-view-stacked .elementor-drop-cap{background-color:#69727d;color:#fff}.elementor-widget-text-editor.elementor-drop-cap-view-framed .elementor-drop-cap{color:#69727d;border:3px solid;background-color:transparent}.elementor-widget-text-editor:not(.elementor-drop-cap-view-default) .elementor-drop-cap{margin-top:8px}.elementor-widget-text-editor:not(.elementor-drop-cap-view-default) .elementor-drop-cap-letter{width:1em;height:1em}.elementor-widget-text-editor .elementor-drop-cap{float:left;text-align:center;line-height:1;font-size:50px}.elementor-widget-text-editor .elementor-drop-cap-letter{display:inline-block}<\/style>\t\t\t\t<p>Les pr\u00e9sentes conditions g\u00e9n\u00e9rales r\u00e9gissent l&#8217;utilisation du site web www.solardarainha.pt par les utilisateurs et leur relation avec notre marque.<\/p><p>Le site www.solardarainha.pt est d\u00e9tenu et g\u00e9r\u00e9 par Fernando Freire Castela Lda, num\u00e9ro d&#8217;identification fiscale 500803390, dont le si\u00e8ge social est situ\u00e9 \u00e0 Alto dos Pinheirais 3240-124 Ansi\u00e3o &#8211; ci-apr\u00e8s Solar da Rainha, avec un contact e-mail geral@solardarainha.pt et un contact t\u00e9l\u00e9phonique 918 801 546 ou 236 676 204 (mobile national et ligne fixe).<\/p><p>Veuillez lire attentivement les pr\u00e9sentes conditions g\u00e9n\u00e9rales, car elles affectent vos droits et obligations en vertu de la loi.<\/p><p>Si vous n&#8217;acceptez pas ces conditions, veuillez ne pas acc\u00e9der au site web ni l&#8217;utiliser.<br \/>Si vous avez des questions concernant ces conditions, veuillez nous contacter.<\/p><p>Les pr\u00e9sentes conditions g\u00e9n\u00e9rales (ci-apr\u00e8s d\u00e9nomm\u00e9es &#8220;conditions&#8221;) d\u00e9finissent l&#8217;utilisation du site web d&#8217;In\u00eas Guerra Pereira (ci-apr\u00e8s d\u00e9nomm\u00e9 &#8220;site web&#8221;) par les utilisateurs (ci-apr\u00e8s d\u00e9nomm\u00e9s &#8220;utilisateur&#8221;) et leur relation avec notre marque (ci-apr\u00e8s d\u00e9nomm\u00e9e &#8220;nous&#8221;, &#8220;notre&#8221;). Veuillez lire attentivement tous les articles car ils affectent vos droits et vos devoirs conform\u00e9ment \u00e0 la l\u00e9gislation en vigueur.<\/p><p>Si vous n&#8217;acceptez pas ces conditions, veuillez ne pas acc\u00e9der au site web ni l&#8217;utiliser.<\/p><p>En commandant l&#8217;un de nos produits ou services, vous acceptez d&#8217;\u00eatre li\u00e9 par ces conditions.<\/p><p>Nous vous conseillons d&#8217;imprimer une copie de ces conditions pour r\u00e9f\u00e9rence ult\u00e9rieure.<\/p><p>Si vous avez des questions concernant les pr\u00e9sentes conditions, veuillez nous contacter.<\/p><p><br \/>\u20281. Accord<br \/>En utilisant le site web, vous acceptez d&#8217;\u00eatre li\u00e9 par les pr\u00e9sentes conditions et vous nous autorisez \u00e0 transmettre des donn\u00e9es (y compris des informations mises \u00e0 jour) pour obtenir des informations de tiers, y compris, mais sans s&#8217;y limiter, vos num\u00e9ros de carte de d\u00e9bit et de cr\u00e9dit ou des rapports de cr\u00e9dit afin d&#8217;authentifier votre identit\u00e9, de valider votre carte de cr\u00e9dit, d&#8217;obtenir une autorisation de cr\u00e9dit initiale et d&#8217;autoriser des transactions individuelles.<\/p><p>2. Modifications<br \/>Nous nous r\u00e9servons le droit de :\u2028- mettre \u00e0 jour r\u00e9guli\u00e8rement les pr\u00e9sentes conditions. Il vous incombe de v\u00e9rifier si de telles modifications ont \u00e9t\u00e9 apport\u00e9es. Ces modifications s&#8217;appliqueront \u00e0 votre utilisation du site web une fois que nous vous les aurons notifi\u00e9es en les publiant sur le site web. Si l&#8217;utilisateur ne souhaite pas accepter les nouvelles conditions, il ne doit pas continuer \u00e0 utiliser le site web. En continuant \u00e0 utiliser le site web apr\u00e8s la date d&#8217;entr\u00e9e en vigueur des modifications, vous acceptez d&#8217;\u00eatre li\u00e9 par les nouvelles conditions ; &#8211; modifier ou retirer, temporairement ou d\u00e9finitivement, ce site web et le mat\u00e9riel (ou les parties) qu&#8217;il contient sans pr\u00e9avis et vous acceptez que nous ne soyons pas responsables de toute modification ou retrait du site web ou de tout contenu ; &#8211; d\u00e9sactiver tout code d&#8217;identification d&#8217;utilisateur ou mot de passe que nous vous avons fourni, qu&#8217;il ait \u00e9t\u00e9 choisi par vous ou attribu\u00e9 par nous, \u00e0 tout moment, si nous estimons que vous n&#8217;avez pas respect\u00e9 l&#8217;un des points \u00e9nonc\u00e9s dans les pr\u00e9sentes conditions.<\/p><p>3. Politique de protection de la vie priv\u00e9e<br \/>Toutes vos informations personnelles seront trait\u00e9es de mani\u00e8re confidentielle et seront trait\u00e9es et utilis\u00e9es conform\u00e9ment \u00e0 notre politique de confidentialit\u00e9. En utilisant le site web, vous consentez \u00e0 ce traitement et garantissez que toutes les informations fournies sont exactes.\u2028Lorsque vous effectuez un achat sur ce site web, nous vous demandons de saisir des donn\u00e9es personnelles afin de pouvoir vous identifier, telles que votre nom, votre adresse \u00e9lectronique, votre adresse de facturation, votre adresse de livraison, les informations relatives \u00e0 votre carte de cr\u00e9dit ou tout autre moyen de paiement. Nous garantissons que ces informations seront stock\u00e9es par nos soins conform\u00e9ment \u00e0 toutes les exigences l\u00e9gales en vigueur au Portugal.<\/p><p>4. Prot\u00e9ger votre s\u00e9curit\u00e9<br \/>Pour garantir qu&#8217;aucune de vos informations personnelles ou financi\u00e8res n&#8217;est utilis\u00e9e sans votre consentement, nous validerons toutes les informations personnelles fournies lors d&#8217;un \u00e9ventuel contact avec des bases de donn\u00e9es tierces appropri\u00e9es. Nous prenons au s\u00e9rieux le risque de fraude en ligne. <br \/>Les transactions frauduleuses ne seront pas tol\u00e9r\u00e9es et toute tentative sera signal\u00e9e aux autorit\u00e9s comp\u00e9tentes.<br \/>En acceptant les pr\u00e9sentes conditions, l&#8217;utilisateur consent \u00e0 ce que ces contr\u00f4les soient effectu\u00e9s. Toutes les informations fournies par l&#8217;utilisateur seront trait\u00e9es en toute s\u00e9curit\u00e9 et conform\u00e9ment \u00e0 la l\u00e9gislation en vigueur.<\/p><p>5. Conformit\u00e9<br \/>Ce site web ne peut \u00eatre utilis\u00e9 qu&#8217;\u00e0 des fins et d&#8217;une mani\u00e8re l\u00e9gales. L&#8217;utilisateur s&#8217;engage \u00e0 respecter l&#8217;ensemble des lois, statuts et r\u00e8glements applicables au site web et \u00e0 son utilisation.<br \/>Vous vous engagez \u00e0 ne pas : &#8211; t\u00e9l\u00e9charger ou transmettre par l&#8217;interm\u00e9diaire du site web des virus informatiques, chevaux de Troie, vers, bombes logiques ou tout autre \u00e9l\u00e9ment cr\u00e9\u00e9 dans le but d&#8217;interf\u00e9rer avec le fonctionnement normal d&#8217;un ordinateur ou de le perturber ; &#8211; t\u00e9l\u00e9charger ou transmettre par l&#8217;interm\u00e9diaire du site web tout \u00e9l\u00e9ment diffamatoire, offensant ou obsc\u00e8ne ; et &#8211; tenter d&#8217;obtenir un acc\u00e8s non autoris\u00e9 au site web, au serveur sur lequel il est h\u00e9berg\u00e9 ou \u00e0 tout serveur, ordinateur ou base de donn\u00e9es connect\u00e9 au site web. Vous ne devez pas tenter d&#8217;attaques par d\u00e9ni de service (&#8220;DoS&#8221;) sur notre site web.<br \/>Toute infraction de ce type sera signal\u00e9e aux autorit\u00e9s comp\u00e9tentes et nous coop\u00e9rerons avec ces autorit\u00e9s en leur divulguant votre identit\u00e9. En cas de violation de cette disposition, le droit d&#8217;acc\u00e8s de l&#8217;utilisateur au site web sera imm\u00e9diatement r\u00e9sili\u00e9.<br \/>Nous ne serons pas responsables des pertes ou dommages caus\u00e9s par une attaque DoS, des virus ou d&#8217;autres \u00e9l\u00e9ments technologiquement nuisibles qui pourraient affecter votre \u00e9quipement informatique, vos programmes, vos donn\u00e9es ou d&#8217;autres \u00e9l\u00e9ments de propri\u00e9t\u00e9 en raison de votre utilisation du site web ou de votre t\u00e9l\u00e9chargement de tout \u00e9l\u00e9ment affich\u00e9 sur le site ou sur toute page web li\u00e9e au site web.<\/p><p>6. Liens vers des tiers<br \/>Pour la commodit\u00e9 de nos clients, le site web peut inclure des liens vers d&#8217;autres pages web ou d&#8217;autres documents qui \u00e9chappent \u00e0 notre contr\u00f4le. Veuillez noter que nous ne sommes pas responsables de ces pages ou de ce mat\u00e9riel et que nous ne les examinons ni ne les approuvons. Nous ne sommes pas responsables des pratiques en mati\u00e8re de confidentialit\u00e9 ou du contenu de ces pages, ni des dommages, pertes ou d\u00e9lits caus\u00e9s ou suppos\u00e9s avoir \u00e9t\u00e9 caus\u00e9s par l&#8217;utilisation de la publicit\u00e9, du contenu, des produits, des mat\u00e9riels ou des services disponibles sur ces pages ou dans des m\u00e9dias externes, ou par la confiance que nous leur accordons.<\/p><p>7. Propri\u00e9t\u00e9 intellectuelle<br \/>Le contenu du site web est prot\u00e9g\u00e9 par des droits d&#8217;auteur, des marques, des bases de donn\u00e9es et d&#8217;autres droits de propri\u00e9t\u00e9 intellectuelle.<br \/>Vous reconnaissez que le mat\u00e9riel et le contenu fournis dans le cadre du site Web resteront notre propri\u00e9t\u00e9. Vous pouvez rechercher et afficher le contenu du site Web sur un \u00e9cran, sauvegarder le contenu sous forme \u00e9lectronique sur un disque (mais jamais sur un serveur ou un dispositif de stockage connect\u00e9 \u00e0 un r\u00e9seau) ou imprimer une copie du contenu pour un usage personnel et non commercial, en conservant intactes \u00e0 tout moment toutes les mentions relatives aux droits d&#8217;auteur et aux droits de propri\u00e9t\u00e9.<br \/>Il est interdit de reproduire, modifier, copier, distribuer ou utiliser \u00e0 des fins commerciales tout mat\u00e9riel ou contenu du site web.<\/p><p>8. Responsabilit\u00e9 limit\u00e9e<br \/>Fourniture de services : (a) Si nous ne respectons pas les pr\u00e9sentes conditions, nous ne serons responsables envers vous que des pertes subies du fait de notre manquement (que ce soit dans le cadre d&#8217;un contrat, d&#8217;un d\u00e9lit civil (y compris la n\u00e9gligence), d&#8217;un manquement \u00e0 une obligation l\u00e9gale ou autre) et qui sont une cons\u00e9quence pr\u00e9visible de notre manquement. (b) Aucune disposition des pr\u00e9sentes conditions n&#8217;exclut ou ne limite notre responsabilit\u00e9 en cas de :\u2028- le d\u00e9c\u00e8s ou les blessures caus\u00e9s par n\u00e9gligence ; &#8211; la fraude ou le comportement frauduleux ; &#8211; tout manquement aux obligations impliqu\u00e9es par les lois applicables ; &#8211; les produits d\u00e9fectueux en vertu de la loi sur la protection des consommateurs ; &#8211; toute violation d\u00e9lib\u00e9r\u00e9e des pr\u00e9sentes conditions qui rendrait possible une rupture de contrat ; ou &#8211; toute autre question pour laquelle il serait ill\u00e9gal pour nous d&#8217;exclure ou de tenter d&#8217;exclure votre responsabilit\u00e9.<\/p><p>9. S\u00e9parabilit\u00e9<br \/>Si une partie des conditions est jug\u00e9e ill\u00e9gale, nulle ou inapplicable pour toute autre raison, cette partie sera consid\u00e9r\u00e9e comme dissociable des pr\u00e9sentes conditions et n&#8217;affectera pas la viabilit\u00e9 et l&#8217;applicabilit\u00e9 des autres parties des pr\u00e9sentes conditions.<\/p><p>10. Renonciation<br \/>Aucune renonciation ne peut \u00eatre invoqu\u00e9e par Nous comme une renonciation \u00e0 une quelconque pr\u00e9s\u00e9ance ou succession de manquements aux termes des Conditions.<\/p><p><br \/>11. Int\u00e9gralit\u00e9 de l&#8217;accord<br \/>Les pr\u00e9sentes Conditions constituent la base int\u00e9grale de tout accord entre Nous et l&#8217;Utilisateur.<\/p><p><br \/>12. Droit et juridiction<br \/>Les pr\u00e9sentes conditions sont r\u00e9gies et interpr\u00e9t\u00e9es conform\u00e9ment aux lois du Portugal et tout litige sera tranch\u00e9 exclusivement par les tribunaux portugais.<\/p><p>13. Critiques<br \/>En soumettant un avis, l&#8217;utilisateur nous accorde le droit de publier, traduire, d\u00e9river, distribuer et afficher ce contenu par tous les moyens de communication dont nous disposons.\u2028Vous nous garantissez le droit d&#8217;utiliser le nom fourni en relation avec ce contenu si nous le souhaitons.\u2028Vous acceptez de renoncer au droit d&#8217;\u00eatre identifi\u00e9 comme l&#8217;auteur de ce contenu et de vous opposer de mani\u00e8re d\u00e9sobligeante \u00e0 ce contenu.<\/p><p>Mise \u00e0 jour le 16 octobre 2023<\/p><p>\u00a0<\/p>\t\t\t\t\t\t<\/div>\n\t\t\t\t<\/div>\n\t\t\t\t\t<\/div>\n\t\t\t\t<\/div>\n\t\t\t\t\t\t\t<\/div>\n\t\t","protected":false},"excerpt":{"rendered":"<p>Termes et conditions Les pr\u00e9sentes conditions g\u00e9n\u00e9rales r\u00e9gissent l&#8217;utilisation du site web www.solardarainha.pt par les utilisateurs et leur relation avec notre marque. Le site www.solardarainha.pt est d\u00e9tenu et g\u00e9r\u00e9 par Fernando Freire Castela Lda, num\u00e9ro d&#8217;identification fiscale 500803390, dont le si\u00e8ge social est situ\u00e9 \u00e0 Alto dos Pinheirais 3240-124 Ansi\u00e3o &#8211; ci-apr\u00e8s Solar da Rainha,&hellip;&nbsp;<a href=\"https:\/\/solardarainha.pt\/?page_id=796\" class=\"\" rel=\"bookmark\">Ler mais &raquo;<span class=\"screen-reader-text\">Termes et conditions<\/span><\/a><\/p>\n","protected":false},"author":2,"featured_media":0,"parent":0,"menu_order":0,"comment_status":"closed","ping_status":"closed","template":"page-templates\/template-pagebuilder-full-width.php","meta":{"neve_meta_sidebar":"","neve_meta_container":"","neve_meta_enable_content_width":"","neve_meta_content_width":0,"neve_meta_title_alignment":"","neve_meta_author_avatar":"","neve_post_elements_order":"","neve_meta_disable_header":"","neve_meta_disable_footer":"","neve_meta_disable_title":"","footnotes":""},"yoast_head":"<!-- This site is optimized with the Yoast SEO plugin v21.4 - https:\/\/yoast.com\/wordpress\/plugins\/seo\/ -->\n<title>Termes et conditions - Solar da Rainha<\/title>\n<meta name=\"robots\" content=\"index, follow, max-snippet:-1, max-image-preview:large, max-video-preview:-1\" \/>\n<link rel=\"canonical\" href=\"https:\/\/solardarainha.pt\/?page_id=796\" \/>\n<meta property=\"og:locale\" content=\"pt_PT\" \/>\n<meta property=\"og:type\" content=\"article\" \/>\n<meta property=\"og:title\" content=\"Termes et conditions - Solar da Rainha\" \/>\n<meta property=\"og:description\" content=\"Termes et conditions Les pr\u00e9sentes conditions g\u00e9n\u00e9rales r\u00e9gissent l&#8217;utilisation du site web www.solardarainha.pt par les utilisateurs et leur relation avec notre marque. Le site www.solardarainha.pt est d\u00e9tenu et g\u00e9r\u00e9 par Fernando Freire Castela Lda, num\u00e9ro d&#8217;identification fiscale 500803390, dont le si\u00e8ge social est situ\u00e9 \u00e0 Alto dos Pinheirais 3240-124 Ansi\u00e3o &#8211; ci-apr\u00e8s Solar da Rainha,&hellip;&nbsp;Ler mais &raquo;Termes et conditions\" \/>\n<meta property=\"og:url\" content=\"https:\/\/solardarainha.pt\/?page_id=796\" \/>\n<meta property=\"og:site_name\" content=\"Solar da Rainha\" \/>\n<meta property=\"article:publisher\" content=\"https:\/\/www.facebook.com\/rrsolardarainha\" \/>\n<meta property=\"article:modified_time\" content=\"2023-10-16T15:20:00+00:00\" \/>\n<meta name=\"twitter:card\" content=\"summary_large_image\" \/>\n<meta name=\"twitter:label1\" content=\"Tempo estimado de leitura\" \/>\n\t<meta name=\"twitter:data1\" content=\"8 minutos\" \/>\n<script type=\"application\/ld+json\" class=\"yoast-schema-graph\">{\"@context\":\"https:\/\/schema.org\",\"@graph\":[{\"@type\":\"WebPage\",\"@id\":\"https:\/\/solardarainha.pt\/?page_id=796\",\"url\":\"https:\/\/solardarainha.pt\/?page_id=796\",\"name\":\"Termes et conditions - Solar da Rainha\",\"isPartOf\":{\"@id\":\"https:\/\/solardarainha.pt\/#website\"},\"datePublished\":\"2023-10-16T15:13:07+00:00\",\"dateModified\":\"2023-10-16T15:20:00+00:00\",\"breadcrumb\":{\"@id\":\"https:\/\/solardarainha.pt\/?page_id=796#breadcrumb\"},\"inLanguage\":\"pt-PT\",\"potentialAction\":[{\"@type\":\"ReadAction\",\"target\":[\"https:\/\/solardarainha.pt\/?page_id=796\"]}]},{\"@type\":\"BreadcrumbList\",\"@id\":\"https:\/\/solardarainha.pt\/?page_id=796#breadcrumb\",\"itemListElement\":[{\"@type\":\"ListItem\",\"position\":1,\"name\":\"In\u00edcio\",\"item\":\"https:\/\/solardarainha.pt\/\"},{\"@type\":\"ListItem\",\"position\":2,\"name\":\"Termes et conditions\"}]},{\"@type\":\"WebSite\",\"@id\":\"https:\/\/solardarainha.pt\/#website\",\"url\":\"https:\/\/solardarainha.pt\/\",\"name\":\"Solar da Rainha\",\"description\":\"\",\"publisher\":{\"@id\":\"https:\/\/solardarainha.pt\/#organization\"},\"potentialAction\":[{\"@type\":\"SearchAction\",\"target\":{\"@type\":\"EntryPoint\",\"urlTemplate\":\"https:\/\/solardarainha.pt\/?s={search_term_string}\"},\"query-input\":\"required name=search_term_string\"}],\"inLanguage\":\"pt-PT\"},{\"@type\":\"Organization\",\"@id\":\"https:\/\/solardarainha.pt\/#organization\",\"name\":\"Solar da Rainha\",\"url\":\"https:\/\/solardarainha.pt\/\",\"logo\":{\"@type\":\"ImageObject\",\"inLanguage\":\"pt-PT\",\"@id\":\"https:\/\/solardarainha.pt\/#\/schema\/logo\/image\/\",\"url\":\"https:\/\/solardarainha.pt\/wp-content\/uploads\/2023\/09\/2323.png\",\"contentUrl\":\"https:\/\/solardarainha.pt\/wp-content\/uploads\/2023\/09\/2323.png\",\"width\":804,\"height\":399,\"caption\":\"Solar da Rainha\"},\"image\":{\"@id\":\"https:\/\/solardarainha.pt\/#\/schema\/logo\/image\/\"},\"sameAs\":[\"https:\/\/www.facebook.com\/rrsolardarainha\",\"https:\/\/www.instagram.com\/solardarainha\/\",\"https:\/\/www.tripadvisor.pt\/Hotel_Review-g2391428-d9765580-Reviews-Solar_da_Rainha-Ansiao_Leiria_District_Central_Portugal.html\"]}]}<\/script>\n<!-- \/ Yoast SEO plugin. -->","yoast_head_json":{"title":"Termes et conditions - Solar da Rainha","robots":{"index":"index","follow":"follow","max-snippet":"max-snippet:-1","max-image-preview":"max-image-preview:large","max-video-preview":"max-video-preview:-1"},"canonical":"https:\/\/solardarainha.pt\/?page_id=796","og_locale":"pt_PT","og_type":"article","og_title":"Termes et conditions - Solar da Rainha","og_description":"Termes et conditions Les pr\u00e9sentes conditions g\u00e9n\u00e9rales r\u00e9gissent l&#8217;utilisation du site web www.solardarainha.pt par les utilisateurs et leur relation avec notre marque. Le site www.solardarainha.pt est d\u00e9tenu et g\u00e9r\u00e9 par Fernando Freire Castela Lda, num\u00e9ro d&#8217;identification fiscale 500803390, dont le si\u00e8ge social est situ\u00e9 \u00e0 Alto dos Pinheirais 3240-124 Ansi\u00e3o &#8211; ci-apr\u00e8s Solar da Rainha,&hellip;&nbsp;Ler mais &raquo;Termes et conditions","og_url":"https:\/\/solardarainha.pt\/?page_id=796","og_site_name":"Solar da Rainha","article_publisher":"https:\/\/www.facebook.com\/rrsolardarainha","article_modified_time":"2023-10-16T15:20:00+00:00","twitter_card":"summary_large_image","twitter_misc":{"Tempo estimado de leitura":"8 minutos"},"schema":{"@context":"https:\/\/schema.org","@graph":[{"@type":"WebPage","@id":"https:\/\/solardarainha.pt\/?page_id=796","url":"https:\/\/solardarainha.pt\/?page_id=796","name":"Termes et conditions - Solar da Rainha","isPartOf":{"@id":"https:\/\/solardarainha.pt\/#website"},"datePublished":"2023-10-16T15:13:07+00:00","dateModified":"2023-10-16T15:20:00+00:00","breadcrumb":{"@id":"https:\/\/solardarainha.pt\/?page_id=796#breadcrumb"},"inLanguage":"pt-PT","potentialAction":[{"@type":"ReadAction","target":["https:\/\/solardarainha.pt\/?page_id=796"]}]},{"@type":"BreadcrumbList","@id":"https:\/\/solardarainha.pt\/?page_id=796#breadcrumb","itemListElement":[{"@type":"ListItem","position":1,"name":"In\u00edcio","item":"https:\/\/solardarainha.pt\/"},{"@type":"ListItem","position":2,"name":"Termes et conditions"}]},{"@type":"WebSite","@id":"https:\/\/solardarainha.pt\/#website","url":"https:\/\/solardarainha.pt\/","name":"Solar da Rainha","description":"","publisher":{"@id":"https:\/\/solardarainha.pt\/#organization"},"potentialAction":[{"@type":"SearchAction","target":{"@type":"EntryPoint","urlTemplate":"https:\/\/solardarainha.pt\/?s={search_term_string}"},"query-input":"required name=search_term_string"}],"inLanguage":"pt-PT"},{"@type":"Organization","@id":"https:\/\/solardarainha.pt\/#organization","name":"Solar da Rainha","url":"https:\/\/solardarainha.pt\/","logo":{"@type":"ImageObject","inLanguage":"pt-PT","@id":"https:\/\/solardarainha.pt\/#\/schema\/logo\/image\/","url":"https:\/\/solardarainha.pt\/wp-content\/uploads\/2023\/09\/2323.png","contentUrl":"https:\/\/solardarainha.pt\/wp-content\/uploads\/2023\/09\/2323.png","width":804,"height":399,"caption":"Solar da Rainha"},"image":{"@id":"https:\/\/solardarainha.pt\/#\/schema\/logo\/image\/"},"sameAs":["https:\/\/www.facebook.com\/rrsolardarainha","https:\/\/www.instagram.com\/solardarainha\/","https:\/\/www.tripadvisor.pt\/Hotel_Review-g2391428-d9765580-Reviews-Solar_da_Rainha-Ansiao_Leiria_District_Central_Portugal.html"]}]}},"_links":{"self":[{"href":"https:\/\/solardarainha.pt\/index.php?rest_route=\/wp\/v2\/pages\/796"}],"collection":[{"href":"https:\/\/solardarainha.pt\/index.php?rest_route=\/wp\/v2\/pages"}],"about":[{"href":"https:\/\/solardarainha.pt\/index.php?rest_route=\/wp\/v2\/types\/page"}],"author":[{"embeddable":true,"href":"https:\/\/solardarainha.pt\/index.php?rest_route=\/wp\/v2\/users\/2"}],"replies":[{"embeddable":true,"href":"https:\/\/solardarainha.pt\/index.php?rest_route=%2Fwp%2Fv2%2Fcomments&post=796"}],"version-history":[{"count":7,"href":"https:\/\/solardarainha.pt\/index.php?rest_route=\/wp\/v2\/pages\/796\/revisions"}],"predecessor-version":[{"id":803,"href":"https:\/\/solardarainha.pt\/index.php?rest_route=\/wp\/v2\/pages\/796\/revisions\/803"}],"wp:attachment":[{"href":"https:\/\/solardarainha.pt\/index.php?rest_route=%2Fwp%2Fv2%2Fmedia&parent=796"}],"curies":[{"name":"wp","href":"https:\/\/api.w.org\/{rel}","templated":true}]}}